{"id":18,"date":"2023-09-15T10:26:40","date_gmt":"2023-09-15T10:26:40","guid":{"rendered":"http:\/\/pedrojoseortegalopez.com\/?page_id=18"},"modified":"2024-01-18T18:31:10","modified_gmt":"2024-01-18T18:31:10","slug":"hermosos-portafolios-para-creativos-excepcionales","status":"publish","type":"page","link":"https:\/\/pedrojoseortegalopez.com\/","title":{"rendered":"Pedro Jose Ortega Lopez"},"content":{"rendered":"\n<p class=\"has-text-align-center\"><meta charset=\"utf-8\"><\/meta><\/p>\n\n\n\n<p><em>Habiendo trabajado durante a\u00f1os en diferentes empresas del sector de la decoraci\u00f3n<\/em> <em>tematizada, eventos festivos, maquetas, museos, etc\u2026 finalmente me he decantado por la<\/em> <em>pintura de figuras y maquetas, si algo me ha ense\u00f1ado el carro de a\u00f1os que llevo encima es<\/em> <em>aquello que NO quiero y cada vez tengo m\u00e1s claro lo que S\u00cd quiero, que es pintar, pintar, pintar<\/em> <em>y pintar.<\/em><\/p>\n\n\n\n<div style=\"height:55px\" aria-hidden=\"true\" class=\"wp-block-spacer\"><\/div>\n\n\n\n<div class=\"wp-block-group alignfull has-background\" style=\"background-color:#e5e9ec\"><div class=\"wp-block-group__inner-container is-layout-flow wp-block-group-is-layout-flow\">\n<div class=\"wp-block-columns is-layout-flex wp-container-core-columns-is-layout-9d6595d7 wp-block-columns-is-layout-flex\">\n<div class=\"wp-block-column is-vertically-aligned-center is-layout-flow wp-block-column-is-layout-flow\">\n<h2 class=\"wp-block-heading\">Sobre mi<\/h2>\n\n\n\n<p><em>Desde bien peque\u00f1o me enamor\u00f3 el trabajo manual, tanto la parte de modelado con mis<\/em> <em>primeras plastilinas, hasta la parte de pintura que, a d\u00eda de hoy, es la que m\u00e1s me gusta y a la<\/em> <em>que principalmente dedico mi tiempo<\/em>&#8230;<\/p>\n\n\n\n<div class=\"wp-block-buttons is-horizontal is-content-justification-left is-layout-flex wp-container-core-buttons-is-layout-7e5fce0a wp-block-buttons-is-layout-flex\">\n<div class=\"wp-block-button is-style-outline is-style-outline--1\"><a class=\"wp-block-button__link wp-element-button\" href=\"https:\/\/pedrojoseortegalopez.com\/index.php\/mis-trabajos\/\">Seguir leyendo<\/a><\/div>\n<\/div>\n\n\n\n<p><\/p>\n<\/div>\n\n\n\n<div class=\"wp-block-column is-layout-flow wp-block-column-is-layout-flow\">\n<div style=\"height:48px\" aria-hidden=\"true\" class=\"wp-block-spacer\"><\/div>\n\n\n\n<figure class=\"wp-block-image size-large\"><img loading=\"lazy\" decoding=\"async\" width=\"811\" height=\"1024\" src=\"http:\/\/pedrojoseortegalopez.com\/wp-content\/uploads\/2023\/12\/Theoden--811x1024.png\" alt=\"\" class=\"wp-image-448\" srcset=\"https:\/\/pedrojoseortegalopez.com\/wp-content\/uploads\/2023\/12\/Theoden--811x1024.png 811w, https:\/\/pedrojoseortegalopez.com\/wp-content\/uploads\/2023\/12\/Theoden--238x300.png 238w, https:\/\/pedrojoseortegalopez.com\/wp-content\/uploads\/2023\/12\/Theoden--768x970.png 768w, https:\/\/pedrojoseortegalopez.com\/wp-content\/uploads\/2023\/12\/Theoden--1216x1536.png 1216w, https:\/\/pedrojoseortegalopez.com\/wp-content\/uploads\/2023\/12\/Theoden-.png 1264w\" sizes=\"auto, (max-width: 811px) 100vw, 811px\" \/><\/figure>\n<\/div>\n<\/div>\n<\/div><\/div>\n\n\n\n<div class=\"wp-block-group alignfull\"><div class=\"wp-block-group__inner-container is-layout-flow wp-block-group-is-layout-flow\">\n<div class=\"wp-block-columns are-vertically-aligned-center is-layout-flex wp-container-core-columns-is-layout-9d6595d7 wp-block-columns-is-layout-flex\">\n<div class=\"wp-block-column is-vertically-aligned-center is-layout-flow wp-block-column-is-layout-flow\">\n<div style=\"height:48px\" aria-hidden=\"true\" class=\"wp-block-spacer\"><\/div>\n\n\n\n<figure class=\"wp-block-image size-large\"><img loading=\"lazy\" decoding=\"async\" width=\"1024\" height=\"1024\" src=\"http:\/\/pedrojoseortegalopez.com\/wp-content\/uploads\/2023\/12\/DESECRATOR_ASH_07-1024x1024.jpg\" alt=\"\" class=\"wp-image-336\" srcset=\"https:\/\/pedrojoseortegalopez.com\/wp-content\/uploads\/2023\/12\/DESECRATOR_ASH_07-1024x1024.jpg 1024w, https:\/\/pedrojoseortegalopez.com\/wp-content\/uploads\/2023\/12\/DESECRATOR_ASH_07-300x300.jpg 300w, https:\/\/pedrojoseortegalopez.com\/wp-content\/uploads\/2023\/12\/DESECRATOR_ASH_07-150x150.jpg 150w, https:\/\/pedrojoseortegalopez.com\/wp-content\/uploads\/2023\/12\/DESECRATOR_ASH_07-768x768.jpg 768w, https:\/\/pedrojoseortegalopez.com\/wp-content\/uploads\/2023\/12\/DESECRATOR_ASH_07-1536x1536.jpg 1536w, https:\/\/pedrojoseortegalopez.com\/wp-content\/uploads\/2023\/12\/DESECRATOR_ASH_07-2048x2048.jpg 2048w, https:\/\/pedrojoseortegalopez.com\/wp-content\/uploads\/2023\/12\/DESECRATOR_ASH_07-2000x2000.jpg 2000w\" sizes=\"auto, (max-width: 1024px) 100vw, 1024px\" \/><\/figure>\n<\/div>\n\n\n\n<div class=\"wp-block-column is-vertically-aligned-center is-layout-flow wp-block-column-is-layout-flow\">\n<h2 class=\"wp-block-heading\">Mis Trabajos<\/h2>\n\n\n\n<p>En esta secci\u00f3n, os presento un muestrario de mis trabajos m\u00e1s destacados en el pintado de figuras, bien sean de resina impresas, de mediana o gran escala o bien miniaturas de diferentes juegos de tablero o wargames como Warhammer 40.000. Adem\u00e1s podr\u00e9is encontrar otras secciones con las que empec\u00e9 a dar mis primeros pasitos en este mundillo, como son las maquetas y dioramas.<\/p>\n\n\n\n<div class=\"wp-block-buttons is-layout-flex wp-block-buttons-is-layout-flex\">\n<div class=\"wp-block-button is-style-outline is-style-outline--2\"><a class=\"wp-block-button__link wp-element-button\" href=\"https:\/\/pedrojoseortegalopez.com\/index.php\/acerca-de\/\">VER MAS<\/a><\/div>\n<\/div>\n<\/div>\n<\/div>\n<\/div><\/div>\n\n\n\n<div class=\"wp-block-group alignfull has-black-background-color has-background\"><div class=\"wp-block-group__inner-container is-layout-flow wp-block-group-is-layout-flow\">\n<h2 class=\"wp-block-heading has-text-align-center has-white-color has-text-color\"><\/h2>\n\n\n\n<figure class=\"wp-block-gallery aligncenter has-nested-images columns-default is-cropped wp-block-gallery-3 is-layout-flex wp-block-gallery-is-layout-flex\">\n<figure class=\"wp-block-image size-full\"><a href=\"https:\/\/pedrojoseortegalopez.com\/index.php\/harley-quinn\/\"><img loading=\"lazy\" decoding=\"async\" width=\"1080\" height=\"1080\" data-id=\"97\" src=\"http:\/\/pedrojoseortegalopez.com\/wp-content\/uploads\/2023\/12\/HARLEY-QUINN-ASH_02.jpg\" alt=\"\" class=\"wp-image-97\" srcset=\"https:\/\/pedrojoseortegalopez.com\/wp-content\/uploads\/2023\/12\/HARLEY-QUINN-ASH_02.jpg 1080w, https:\/\/pedrojoseortegalopez.com\/wp-content\/uploads\/2023\/12\/HARLEY-QUINN-ASH_02-300x300.jpg 300w, https:\/\/pedrojoseortegalopez.com\/wp-content\/uploads\/2023\/12\/HARLEY-QUINN-ASH_02-1024x1024.jpg 1024w, https:\/\/pedrojoseortegalopez.com\/wp-content\/uploads\/2023\/12\/HARLEY-QUINN-ASH_02-150x150.jpg 150w, https:\/\/pedrojoseortegalopez.com\/wp-content\/uploads\/2023\/12\/HARLEY-QUINN-ASH_02-768x768.jpg 768w\" sizes=\"auto, (max-width: 1080px) 100vw, 1080px\" \/><\/a><\/figure>\n\n\n\n<figure class=\"wp-block-image size-large\"><a href=\"https:\/\/pedrojoseortegalopez.com\/index.php\/the-juggernout\/\"><img loading=\"lazy\" decoding=\"async\" width=\"683\" height=\"1024\" data-id=\"90\" src=\"http:\/\/pedrojoseortegalopez.com\/wp-content\/uploads\/2023\/12\/IMG_0418-683x1024.jpg\" alt=\"\" class=\"wp-image-90\" srcset=\"https:\/\/pedrojoseortegalopez.com\/wp-content\/uploads\/2023\/12\/IMG_0418-683x1024.jpg 683w, https:\/\/pedrojoseortegalopez.com\/wp-content\/uploads\/2023\/12\/IMG_0418-200x300.jpg 200w, https:\/\/pedrojoseortegalopez.com\/wp-content\/uploads\/2023\/12\/IMG_0418-768x1152.jpg 768w, https:\/\/pedrojoseortegalopez.com\/wp-content\/uploads\/2023\/12\/IMG_0418-1024x1536.jpg 1024w, https:\/\/pedrojoseortegalopez.com\/wp-content\/uploads\/2023\/12\/IMG_0418.jpg 1280w\" sizes=\"auto, (max-width: 683px) 100vw, 683px\" \/><\/a><\/figure>\n\n\n\n<figure class=\"wp-block-image size-large\"><a href=\"https:\/\/pedrojoseortegalopez.com\/index.php\/namor\/\"><img loading=\"lazy\" decoding=\"async\" width=\"683\" height=\"1024\" data-id=\"73\" src=\"http:\/\/pedrojoseortegalopez.com\/wp-content\/uploads\/2023\/12\/NAMOR-ASH_02-683x1024.jpg\" alt=\"\" class=\"wp-image-73\" srcset=\"https:\/\/pedrojoseortegalopez.com\/wp-content\/uploads\/2023\/12\/NAMOR-ASH_02-683x1024.jpg 683w, https:\/\/pedrojoseortegalopez.com\/wp-content\/uploads\/2023\/12\/NAMOR-ASH_02-200x300.jpg 200w, https:\/\/pedrojoseortegalopez.com\/wp-content\/uploads\/2023\/12\/NAMOR-ASH_02-768x1152.jpg 768w, https:\/\/pedrojoseortegalopez.com\/wp-content\/uploads\/2023\/12\/NAMOR-ASH_02-1024x1536.jpg 1024w, https:\/\/pedrojoseortegalopez.com\/wp-content\/uploads\/2023\/12\/NAMOR-ASH_02.jpg 1280w\" sizes=\"auto, (max-width: 683px) 100vw, 683px\" \/><\/a><\/figure>\n\n\n\n<figure class=\"wp-block-image size-large\"><a href=\"https:\/\/pedrojoseortegalopez.com\/index.php\/warhammer-40-000\/\"><img loading=\"lazy\" decoding=\"async\" width=\"1024\" height=\"1024\" data-id=\"348\" src=\"http:\/\/pedrojoseortegalopez.com\/wp-content\/uploads\/2023\/12\/ABOMINANT_ASH_02-1024x1024.jpg\" alt=\"\" class=\"wp-image-348\" srcset=\"https:\/\/pedrojoseortegalopez.com\/wp-content\/uploads\/2023\/12\/ABOMINANT_ASH_02-1024x1024.jpg 1024w, https:\/\/pedrojoseortegalopez.com\/wp-content\/uploads\/2023\/12\/ABOMINANT_ASH_02-300x300.jpg 300w, https:\/\/pedrojoseortegalopez.com\/wp-content\/uploads\/2023\/12\/ABOMINANT_ASH_02-150x150.jpg 150w, https:\/\/pedrojoseortegalopez.com\/wp-content\/uploads\/2023\/12\/ABOMINANT_ASH_02-768x768.jpg 768w, https:\/\/pedrojoseortegalopez.com\/wp-content\/uploads\/2023\/12\/ABOMINANT_ASH_02.jpg 1080w\" sizes=\"auto, (max-width: 1024px) 100vw, 1024px\" \/><\/a><\/figure>\n\n\n\n<figure class=\"wp-block-image size-large\"><a href=\"https:\/\/pedrojoseortegalopez.com\/index.php\/black-cat\/\"><img loading=\"lazy\" decoding=\"async\" width=\"1024\" height=\"592\" data-id=\"24\" src=\"https:\/\/pedrojoseortegalopez.com\/wp-content\/uploads\/2023\/09\/cropped-BLACK_CAT-ASH05-1024x592.jpg\" alt=\"\" class=\"wp-image-24\" srcset=\"https:\/\/pedrojoseortegalopez.com\/wp-content\/uploads\/2023\/09\/cropped-BLACK_CAT-ASH05-1024x592.jpg 1024w, https:\/\/pedrojoseortegalopez.com\/wp-content\/uploads\/2023\/09\/cropped-BLACK_CAT-ASH05-300x174.jpg 300w, https:\/\/pedrojoseortegalopez.com\/wp-content\/uploads\/2023\/09\/cropped-BLACK_CAT-ASH05-768x444.jpg 768w, https:\/\/pedrojoseortegalopez.com\/wp-content\/uploads\/2023\/09\/cropped-BLACK_CAT-ASH05-1536x889.jpg 1536w, https:\/\/pedrojoseortegalopez.com\/wp-content\/uploads\/2023\/09\/cropped-BLACK_CAT-ASH05.jpg 2000w\" sizes=\"auto, (max-width: 1024px) 100vw, 1024px\" \/><\/a><\/figure>\n\n\n\n<figure class=\"wp-block-image size-large\"><a href=\"https:\/\/pedrojoseortegalopez.com\/index.php\/warhammer-40-000\/\"><img loading=\"lazy\" decoding=\"async\" width=\"1024\" height=\"1024\" data-id=\"232\" src=\"http:\/\/pedrojoseortegalopez.com\/wp-content\/uploads\/2023\/12\/BLIGHTLORD_1_ASH_01-1024x1024.jpg\" alt=\"\" class=\"wp-image-232\" srcset=\"https:\/\/pedrojoseortegalopez.com\/wp-content\/uploads\/2023\/12\/BLIGHTLORD_1_ASH_01-1024x1024.jpg 1024w, https:\/\/pedrojoseortegalopez.com\/wp-content\/uploads\/2023\/12\/BLIGHTLORD_1_ASH_01-300x300.jpg 300w, https:\/\/pedrojoseortegalopez.com\/wp-content\/uploads\/2023\/12\/BLIGHTLORD_1_ASH_01-150x150.jpg 150w, https:\/\/pedrojoseortegalopez.com\/wp-content\/uploads\/2023\/12\/BLIGHTLORD_1_ASH_01-768x768.jpg 768w, https:\/\/pedrojoseortegalopez.com\/wp-content\/uploads\/2023\/12\/BLIGHTLORD_1_ASH_01.jpg 1080w\" sizes=\"auto, (max-width: 1024px) 100vw, 1024px\" \/><\/a><\/figure>\n<\/figure>\n<\/div><\/div>\n\n\n\n<div class=\"wp-block-cover alignfull has-parallax is-light is-position-center-center\" style=\"min-height:100vh;aspect-ratio:unset;\"><span aria-hidden=\"true\" class=\"wp-block-cover__background has-black-background-color has-background-dim-40 has-background-dim\"><\/span><div role=\"img\" class=\"wp-block-cover__image-background wp-image-704 has-parallax\" style=\"background-position:50% 50%;background-image:url(http:\/\/pedrojoseortegalopez.com\/wp-content\/uploads\/2023\/12\/ABOMINANT_ASH_01-1.jpg)\"><\/div><div class=\"wp-block-cover__inner-container is-layout-flow wp-block-cover-is-layout-flow\">\n<p class=\"has-text-align-center has-text-color has-huge-font-size\" style=\"color:#fffffa;line-height:1.1\"><strong>Da rienda suelta a tu creatividad<\/strong><\/p>\n\n\n\n<div style=\"height:39px\" aria-hidden=\"true\" class=\"wp-block-spacer\"><\/div>\n\n\n\n<div class=\"wp-block-buttons is-horizontal is-content-justification-center is-layout-flex wp-container-core-buttons-is-layout-499968f5 wp-block-buttons-is-layout-flex\">\n<div class=\"wp-block-button is-style-outline is-style-outline--4\"><a class=\"wp-block-button__link has-white-color has-text-color wp-element-button\" href=\"mailto:pejorlop@gmail.com?subject=Contacto%20desde%20la%20web\">Contacto<\/a><\/div>\n<\/div>\n<\/div><\/div>\n","protected":false},"excerpt":{"rendered":"<p>Habiendo trabajado durante a\u00f1os en diferentes empresas del sector de la decoraci\u00f3n tematizada, eventos festivos, maquetas, museos, etc\u2026 finalmente me he decantado por la pintura de figuras y maquetas, si algo me ha ense\u00f1ado el carro de a\u00f1os que llevo encima es aquello que NO quiero y cada vez tengo m\u00e1s claro lo que S\u00cd &hellip; <\/p>\n<p class=\"link-more\"><a href=\"https:\/\/pedrojoseortegalopez.com\/\" class=\"more-link\">Read more<span class=\"screen-reader-text\"> &#8220;Pedro Jose Ortega Lopez&#8221;<\/span><\/a><\/p>\n","protected":false},"author":1,"featured_media":346,"parent":0,"menu_order":0,"comment_status":"closed","ping_status":"closed","template":"","meta":{"footnotes":""},"class_list":["post-18","page","type-page","status-publish","has-post-thumbnail","hentry"],"_links":{"self":[{"href":"https:\/\/pedrojoseortegalopez.com\/index.php\/wp-json\/wp\/v2\/pages\/18","targetHints":{"allow":["GET"]}}],"collection":[{"href":"https:\/\/pedrojoseortegalopez.com\/index.php\/wp-json\/wp\/v2\/pages"}],"about":[{"href":"https:\/\/pedrojoseortegalopez.com\/index.php\/wp-json\/wp\/v2\/types\/page"}],"author":[{"embeddable":true,"href":"https:\/\/pedrojoseortegalopez.com\/index.php\/wp-json\/wp\/v2\/users\/1"}],"replies":[{"embeddable":true,"href":"https:\/\/pedrojoseortegalopez.com\/index.php\/wp-json\/wp\/v2\/comments?post=18"}],"version-history":[{"count":25,"href":"https:\/\/pedrojoseortegalopez.com\/index.php\/wp-json\/wp\/v2\/pages\/18\/revisions"}],"predecessor-version":[{"id":736,"href":"https:\/\/pedrojoseortegalopez.com\/index.php\/wp-json\/wp\/v2\/pages\/18\/revisions\/736"}],"wp:featuredmedia":[{"embeddable":true,"href":"https:\/\/pedrojoseortegalopez.com\/index.php\/wp-json\/wp\/v2\/media\/346"}],"wp:attachment":[{"href":"https:\/\/pedrojoseortegalopez.com\/index.php\/wp-json\/wp\/v2\/media?parent=18"}],"curies":[{"name":"wp","href":"https:\/\/api.w.org\/{rel}","templated":true}]}}