{"id":574,"date":"2023-12-30T08:23:55","date_gmt":"2023-12-30T08:23:55","guid":{"rendered":"https:\/\/pedrojoseortegalopez.com\/?page_id=574"},"modified":"2023-12-30T08:25:41","modified_gmt":"2023-12-30T08:25:41","slug":"logan","status":"publish","type":"page","link":"https:\/\/pedrojoseortegalopez.com\/index.php\/logan\/","title":{"rendered":"LOGAN"},"content":{"rendered":"\n<p class=\"has-text-align-center\">Esta representaci\u00f3n detallada captura la ferocidad y el esp\u00edritu indomable del intr\u00e9pido Logan. En esta ocasion he intentado plasmar la intensidad y la determinaci\u00f3n en cada rasgo de esta figura, desde sus garras retr\u00e1ctiles hasta su mirada inquebrantable. Descubre c\u00f3mo esta miniatura en resina encarna la esencia misma de Wolverine, convirti\u00e9ndola en una pieza imprescindible para cualquier admirador del personaje. Sum\u00e9rgete en el mundo de los X-Men con esta representaci\u00f3n fiel y emocionante de uno de los mutantes m\u00e1s emblem\u00e1ticos y queridos de la historia de los c\u00f3mics.<\/p>\n\n\n\n<div style=\"height:100px\" aria-hidden=\"true\" class=\"wp-block-spacer\"><\/div>\n\n\n\n<figure class=\"wp-block-gallery has-nested-images columns-default is-cropped wp-block-gallery-1 is-layout-flex wp-block-gallery-is-layout-flex\">\n<figure data-wp-context=\"{&quot;imageId&quot;:&quot;69dbcf11998a4&quot;}\" data-wp-interactive=\"core\/image\" data-wp-key=\"69dbcf11998a4\" class=\"wp-block-image size-large wp-lightbox-container\"><img loading=\"lazy\" decoding=\"async\" width=\"1024\" height=\"1024\" data-wp-class--hide=\"state.isContentHidden\" data-wp-class--show=\"state.isContentVisible\" data-wp-init=\"callbacks.setButtonStyles\" data-wp-on--click=\"actions.showLightbox\" data-wp-on--load=\"callbacks.setButtonStyles\" data-wp-on-window--resize=\"callbacks.setButtonStyles\" data-id=\"575\" src=\"https:\/\/pedrojoseortegalopez.com\/wp-content\/uploads\/2023\/12\/LOGAN_0-1-1024x1024.jpg\" alt=\"\" class=\"wp-image-575\" srcset=\"https:\/\/pedrojoseortegalopez.com\/wp-content\/uploads\/2023\/12\/LOGAN_0-1-1024x1024.jpg 1024w, https:\/\/pedrojoseortegalopez.com\/wp-content\/uploads\/2023\/12\/LOGAN_0-1-300x300.jpg 300w, https:\/\/pedrojoseortegalopez.com\/wp-content\/uploads\/2023\/12\/LOGAN_0-1-150x150.jpg 150w, https:\/\/pedrojoseortegalopez.com\/wp-content\/uploads\/2023\/12\/LOGAN_0-1-768x768.jpg 768w, https:\/\/pedrojoseortegalopez.com\/wp-content\/uploads\/2023\/12\/LOGAN_0-1-1536x1536.jpg 1536w, https:\/\/pedrojoseortegalopez.com\/wp-content\/uploads\/2023\/12\/LOGAN_0-1-2048x2048.jpg 2048w, https:\/\/pedrojoseortegalopez.com\/wp-content\/uploads\/2023\/12\/LOGAN_0-1-2000x2000.jpg 2000w\" sizes=\"auto, (max-width: 1024px) 100vw, 1024px\" \/><button\n\t\t\tclass=\"lightbox-trigger\"\n\t\t\ttype=\"button\"\n\t\t\taria-haspopup=\"dialog\"\n\t\t\taria-label=\"Enlarge\"\n\t\t\tdata-wp-init=\"callbacks.initTriggerButton\"\n\t\t\tdata-wp-on--click=\"actions.showLightbox\"\n\t\t\tdata-wp-style--right=\"state.imageButtonRight\"\n\t\t\tdata-wp-style--top=\"state.imageButtonTop\"\n\t\t>\n\t\t\t<svg xmlns=\"http:\/\/www.w3.org\/2000\/svg\" width=\"12\" height=\"12\" fill=\"none\" viewBox=\"0 0 12 12\">\n\t\t\t\t<path fill=\"#fff\" d=\"M2 0a2 2 0 0 0-2 2v2h1.5V2a.5.5 0 0 1 .5-.5h2V0H2Zm2 10.5H2a.5.5 0 0 1-.5-.5V8H0v2a2 2 0 0 0 2 2h2v-1.5ZM8 12v-1.5h2a.5.5 0 0 0 .5-.5V8H12v2a2 2 0 0 1-2 2H8Zm2-12a2 2 0 0 1 2 2v2h-1.5V2a.5.5 0 0 0-.5-.5H8V0h2Z\" \/>\n\t\t\t<\/svg>\n\t\t<\/button><\/figure>\n\n\n\n<figure data-wp-context=\"{&quot;imageId&quot;:&quot;69dbcf1199d20&quot;}\" data-wp-interactive=\"core\/image\" data-wp-key=\"69dbcf1199d20\" class=\"wp-block-image size-large wp-lightbox-container\"><img loading=\"lazy\" decoding=\"async\" width=\"1024\" height=\"1024\" data-wp-class--hide=\"state.isContentHidden\" data-wp-class--show=\"state.isContentVisible\" data-wp-init=\"callbacks.setButtonStyles\" data-wp-on--click=\"actions.showLightbox\" data-wp-on--load=\"callbacks.setButtonStyles\" data-wp-on-window--resize=\"callbacks.setButtonStyles\" data-id=\"576\" src=\"https:\/\/pedrojoseortegalopez.com\/wp-content\/uploads\/2023\/12\/LOGAN_1-1-1024x1024.jpg\" alt=\"\" class=\"wp-image-576\" srcset=\"https:\/\/pedrojoseortegalopez.com\/wp-content\/uploads\/2023\/12\/LOGAN_1-1-1024x1024.jpg 1024w, https:\/\/pedrojoseortegalopez.com\/wp-content\/uploads\/2023\/12\/LOGAN_1-1-300x300.jpg 300w, https:\/\/pedrojoseortegalopez.com\/wp-content\/uploads\/2023\/12\/LOGAN_1-1-150x150.jpg 150w, https:\/\/pedrojoseortegalopez.com\/wp-content\/uploads\/2023\/12\/LOGAN_1-1-768x768.jpg 768w, https:\/\/pedrojoseortegalopez.com\/wp-content\/uploads\/2023\/12\/LOGAN_1-1-1536x1536.jpg 1536w, https:\/\/pedrojoseortegalopez.com\/wp-content\/uploads\/2023\/12\/LOGAN_1-1-2048x2048.jpg 2048w, https:\/\/pedrojoseortegalopez.com\/wp-content\/uploads\/2023\/12\/LOGAN_1-1-2000x2000.jpg 2000w\" sizes=\"auto, (max-width: 1024px) 100vw, 1024px\" \/><button\n\t\t\tclass=\"lightbox-trigger\"\n\t\t\ttype=\"button\"\n\t\t\taria-haspopup=\"dialog\"\n\t\t\taria-label=\"Enlarge\"\n\t\t\tdata-wp-init=\"callbacks.initTriggerButton\"\n\t\t\tdata-wp-on--click=\"actions.showLightbox\"\n\t\t\tdata-wp-style--right=\"state.imageButtonRight\"\n\t\t\tdata-wp-style--top=\"state.imageButtonTop\"\n\t\t>\n\t\t\t<svg xmlns=\"http:\/\/www.w3.org\/2000\/svg\" width=\"12\" height=\"12\" fill=\"none\" viewBox=\"0 0 12 12\">\n\t\t\t\t<path fill=\"#fff\" d=\"M2 0a2 2 0 0 0-2 2v2h1.5V2a.5.5 0 0 1 .5-.5h2V0H2Zm2 10.5H2a.5.5 0 0 1-.5-.5V8H0v2a2 2 0 0 0 2 2h2v-1.5ZM8 12v-1.5h2a.5.5 0 0 0 .5-.5V8H12v2a2 2 0 0 1-2 2H8Zm2-12a2 2 0 0 1 2 2v2h-1.5V2a.5.5 0 0 0-.5-.5H8V0h2Z\" \/>\n\t\t\t<\/svg>\n\t\t<\/button><\/figure>\n\n\n\n<figure data-wp-context=\"{&quot;imageId&quot;:&quot;69dbcf119a153&quot;}\" data-wp-interactive=\"core\/image\" data-wp-key=\"69dbcf119a153\" class=\"wp-block-image size-large wp-lightbox-container\"><img loading=\"lazy\" decoding=\"async\" width=\"1024\" height=\"1024\" data-wp-class--hide=\"state.isContentHidden\" data-wp-class--show=\"state.isContentVisible\" data-wp-init=\"callbacks.setButtonStyles\" data-wp-on--click=\"actions.showLightbox\" data-wp-on--load=\"callbacks.setButtonStyles\" data-wp-on-window--resize=\"callbacks.setButtonStyles\" data-id=\"577\" src=\"https:\/\/pedrojoseortegalopez.com\/wp-content\/uploads\/2023\/12\/LOGAN_3-1-1024x1024.jpg\" alt=\"\" class=\"wp-image-577\" srcset=\"https:\/\/pedrojoseortegalopez.com\/wp-content\/uploads\/2023\/12\/LOGAN_3-1-1024x1024.jpg 1024w, https:\/\/pedrojoseortegalopez.com\/wp-content\/uploads\/2023\/12\/LOGAN_3-1-300x300.jpg 300w, https:\/\/pedrojoseortegalopez.com\/wp-content\/uploads\/2023\/12\/LOGAN_3-1-150x150.jpg 150w, https:\/\/pedrojoseortegalopez.com\/wp-content\/uploads\/2023\/12\/LOGAN_3-1-768x768.jpg 768w, https:\/\/pedrojoseortegalopez.com\/wp-content\/uploads\/2023\/12\/LOGAN_3-1-1536x1536.jpg 1536w, https:\/\/pedrojoseortegalopez.com\/wp-content\/uploads\/2023\/12\/LOGAN_3-1-2048x2048.jpg 2048w, https:\/\/pedrojoseortegalopez.com\/wp-content\/uploads\/2023\/12\/LOGAN_3-1-2000x2000.jpg 2000w\" sizes=\"auto, (max-width: 1024px) 100vw, 1024px\" \/><button\n\t\t\tclass=\"lightbox-trigger\"\n\t\t\ttype=\"button\"\n\t\t\taria-haspopup=\"dialog\"\n\t\t\taria-label=\"Enlarge\"\n\t\t\tdata-wp-init=\"callbacks.initTriggerButton\"\n\t\t\tdata-wp-on--click=\"actions.showLightbox\"\n\t\t\tdata-wp-style--right=\"state.imageButtonRight\"\n\t\t\tdata-wp-style--top=\"state.imageButtonTop\"\n\t\t>\n\t\t\t<svg xmlns=\"http:\/\/www.w3.org\/2000\/svg\" width=\"12\" height=\"12\" fill=\"none\" viewBox=\"0 0 12 12\">\n\t\t\t\t<path fill=\"#fff\" d=\"M2 0a2 2 0 0 0-2 2v2h1.5V2a.5.5 0 0 1 .5-.5h2V0H2Zm2 10.5H2a.5.5 0 0 1-.5-.5V8H0v2a2 2 0 0 0 2 2h2v-1.5ZM8 12v-1.5h2a.5.5 0 0 0 .5-.5V8H12v2a2 2 0 0 1-2 2H8Zm2-12a2 2 0 0 1 2 2v2h-1.5V2a.5.5 0 0 0-.5-.5H8V0h2Z\" \/>\n\t\t\t<\/svg>\n\t\t<\/button><\/figure>\n\n\n\n<figure data-wp-context=\"{&quot;imageId&quot;:&quot;69dbcf119a536&quot;}\" data-wp-interactive=\"core\/image\" data-wp-key=\"69dbcf119a536\" class=\"wp-block-image size-large wp-lightbox-container\"><img loading=\"lazy\" decoding=\"async\" width=\"1024\" height=\"1024\" data-wp-class--hide=\"state.isContentHidden\" data-wp-class--show=\"state.isContentVisible\" data-wp-init=\"callbacks.setButtonStyles\" data-wp-on--click=\"actions.showLightbox\" data-wp-on--load=\"callbacks.setButtonStyles\" data-wp-on-window--resize=\"callbacks.setButtonStyles\" data-id=\"578\" src=\"https:\/\/pedrojoseortegalopez.com\/wp-content\/uploads\/2023\/12\/LOGAN_4-1-1024x1024.jpg\" alt=\"\" class=\"wp-image-578\" srcset=\"https:\/\/pedrojoseortegalopez.com\/wp-content\/uploads\/2023\/12\/LOGAN_4-1-1024x1024.jpg 1024w, https:\/\/pedrojoseortegalopez.com\/wp-content\/uploads\/2023\/12\/LOGAN_4-1-300x300.jpg 300w, https:\/\/pedrojoseortegalopez.com\/wp-content\/uploads\/2023\/12\/LOGAN_4-1-150x150.jpg 150w, https:\/\/pedrojoseortegalopez.com\/wp-content\/uploads\/2023\/12\/LOGAN_4-1-768x768.jpg 768w, https:\/\/pedrojoseortegalopez.com\/wp-content\/uploads\/2023\/12\/LOGAN_4-1-1536x1536.jpg 1536w, https:\/\/pedrojoseortegalopez.com\/wp-content\/uploads\/2023\/12\/LOGAN_4-1-2048x2048.jpg 2048w, https:\/\/pedrojoseortegalopez.com\/wp-content\/uploads\/2023\/12\/LOGAN_4-1-2000x2000.jpg 2000w\" sizes=\"auto, (max-width: 1024px) 100vw, 1024px\" \/><button\n\t\t\tclass=\"lightbox-trigger\"\n\t\t\ttype=\"button\"\n\t\t\taria-haspopup=\"dialog\"\n\t\t\taria-label=\"Enlarge\"\n\t\t\tdata-wp-init=\"callbacks.initTriggerButton\"\n\t\t\tdata-wp-on--click=\"actions.showLightbox\"\n\t\t\tdata-wp-style--right=\"state.imageButtonRight\"\n\t\t\tdata-wp-style--top=\"state.imageButtonTop\"\n\t\t>\n\t\t\t<svg xmlns=\"http:\/\/www.w3.org\/2000\/svg\" width=\"12\" height=\"12\" fill=\"none\" viewBox=\"0 0 12 12\">\n\t\t\t\t<path fill=\"#fff\" d=\"M2 0a2 2 0 0 0-2 2v2h1.5V2a.5.5 0 0 1 .5-.5h2V0H2Zm2 10.5H2a.5.5 0 0 1-.5-.5V8H0v2a2 2 0 0 0 2 2h2v-1.5ZM8 12v-1.5h2a.5.5 0 0 0 .5-.5V8H12v2a2 2 0 0 1-2 2H8Zm2-12a2 2 0 0 1 2 2v2h-1.5V2a.5.5 0 0 0-.5-.5H8V0h2Z\" \/>\n\t\t\t<\/svg>\n\t\t<\/button><\/figure>\n<\/figure>\n\n\n\n<div style=\"height:100px\" aria-hidden=\"true\" class=\"wp-block-spacer\"><\/div>\n","protected":false},"excerpt":{"rendered":"<p>Esta representaci\u00f3n detallada captura la ferocidad y el esp\u00edritu indomable del intr\u00e9pido Logan. En esta ocasion he intentado plasmar la intensidad y la determinaci\u00f3n en cada rasgo de esta figura, desde sus garras retr\u00e1ctiles hasta su mirada inquebrantable. Descubre c\u00f3mo esta miniatura en resina encarna la esencia misma de Wolverine, convirti\u00e9ndola en una pieza imprescindible &hellip; <\/p>\n<p class=\"link-more\"><a href=\"https:\/\/pedrojoseortegalopez.com\/index.php\/logan\/\" class=\"more-link\">Read more<span class=\"screen-reader-text\"> &#8220;LOGAN&#8221;<\/span><\/a><\/p>\n","protected":false},"author":1,"featured_media":0,"parent":0,"menu_order":0,"comment_status":"closed","ping_status":"closed","template":"","meta":{"footnotes":""},"class_list":["post-574","page","type-page","status-publish","hentry"],"_links":{"self":[{"href":"https:\/\/pedrojoseortegalopez.com\/index.php\/wp-json\/wp\/v2\/pages\/574","targetHints":{"allow":["GET"]}}],"collection":[{"href":"https:\/\/pedrojoseortegalopez.com\/index.php\/wp-json\/wp\/v2\/pages"}],"about":[{"href":"https:\/\/pedrojoseortegalopez.com\/index.php\/wp-json\/wp\/v2\/types\/page"}],"author":[{"embeddable":true,"href":"https:\/\/pedrojoseortegalopez.com\/index.php\/wp-json\/wp\/v2\/users\/1"}],"replies":[{"embeddable":true,"href":"https:\/\/pedrojoseortegalopez.com\/index.php\/wp-json\/wp\/v2\/comments?post=574"}],"version-history":[{"count":3,"href":"https:\/\/pedrojoseortegalopez.com\/index.php\/wp-json\/wp\/v2\/pages\/574\/revisions"}],"predecessor-version":[{"id":582,"href":"https:\/\/pedrojoseortegalopez.com\/index.php\/wp-json\/wp\/v2\/pages\/574\/revisions\/582"}],"wp:attachment":[{"href":"https:\/\/pedrojoseortegalopez.com\/index.php\/wp-json\/wp\/v2\/media?parent=574"}],"curies":[{"name":"wp","href":"https:\/\/api.w.org\/{rel}","templated":true}]}}