{"id":601,"date":"2023-12-30T08:37:33","date_gmt":"2023-12-30T08:37:33","guid":{"rendered":"https:\/\/pedrojoseortegalopez.com\/?page_id=601"},"modified":"2023-12-30T08:37:33","modified_gmt":"2023-12-30T08:37:33","slug":"namor","status":"publish","type":"page","link":"https:\/\/pedrojoseortegalopez.com\/index.php\/namor\/","title":{"rendered":"NAMOR"},"content":{"rendered":"\n<p class=\"has-text-align-center\">\u00a1Sum\u00e9rgete en la majestuosidad y el carisma del pr\u00edncipe atlante con la figura en resina de Namor, el Sub-Mariner, proveniente de los c\u00f3mics! Esta representaci\u00f3n detallada captura la nobleza y la fuerza intr\u00e9pida de este ic\u00f3nico personaje. Descubre c\u00f3mo esta miniatura en resina emana poder\u00edo y misterio, convirti\u00e9ndola en una pieza esencial para cualquier coleccionista o aficionado a los c\u00f3mics. Sum\u00e9rgete en el vasto mundo submarino con esta representaci\u00f3n impresionante de uno de los h\u00e9roes m\u00e1s emblem\u00e1ticos y complejos de Marvel.<\/p>\n\n\n\n<div style=\"height:100px\" aria-hidden=\"true\" class=\"wp-block-spacer\"><\/div>\n\n\n\n<figure class=\"wp-block-gallery has-nested-images columns-default is-cropped wp-block-gallery-1 is-layout-flex wp-block-gallery-is-layout-flex\">\n<figure data-wp-context=\"{&quot;imageId&quot;:&quot;69da85931eb52&quot;}\" data-wp-interactive=\"core\/image\" data-wp-key=\"69da85931eb52\" class=\"wp-block-image size-large wp-lightbox-container\"><img loading=\"lazy\" decoding=\"async\" width=\"683\" height=\"1024\" data-wp-class--hide=\"state.isContentHidden\" data-wp-class--show=\"state.isContentVisible\" data-wp-init=\"callbacks.setButtonStyles\" data-wp-on--click=\"actions.showLightbox\" data-wp-on--load=\"callbacks.setButtonStyles\" data-wp-on-window--resize=\"callbacks.setButtonStyles\" data-id=\"602\" src=\"https:\/\/pedrojoseortegalopez.com\/wp-content\/uploads\/2023\/12\/NAMOR-ASH_01-1-683x1024.jpg\" alt=\"\" class=\"wp-image-602\" srcset=\"https:\/\/pedrojoseortegalopez.com\/wp-content\/uploads\/2023\/12\/NAMOR-ASH_01-1-683x1024.jpg 683w, https:\/\/pedrojoseortegalopez.com\/wp-content\/uploads\/2023\/12\/NAMOR-ASH_01-1-200x300.jpg 200w, https:\/\/pedrojoseortegalopez.com\/wp-content\/uploads\/2023\/12\/NAMOR-ASH_01-1-768x1152.jpg 768w, https:\/\/pedrojoseortegalopez.com\/wp-content\/uploads\/2023\/12\/NAMOR-ASH_01-1-1024x1536.jpg 1024w, https:\/\/pedrojoseortegalopez.com\/wp-content\/uploads\/2023\/12\/NAMOR-ASH_01-1.jpg 1280w\" sizes=\"auto, (max-width: 683px) 100vw, 683px\" \/><button\n\t\t\tclass=\"lightbox-trigger\"\n\t\t\ttype=\"button\"\n\t\t\taria-haspopup=\"dialog\"\n\t\t\taria-label=\"Enlarge\"\n\t\t\tdata-wp-init=\"callbacks.initTriggerButton\"\n\t\t\tdata-wp-on--click=\"actions.showLightbox\"\n\t\t\tdata-wp-style--right=\"state.imageButtonRight\"\n\t\t\tdata-wp-style--top=\"state.imageButtonTop\"\n\t\t>\n\t\t\t<svg xmlns=\"http:\/\/www.w3.org\/2000\/svg\" width=\"12\" height=\"12\" fill=\"none\" viewBox=\"0 0 12 12\">\n\t\t\t\t<path fill=\"#fff\" d=\"M2 0a2 2 0 0 0-2 2v2h1.5V2a.5.5 0 0 1 .5-.5h2V0H2Zm2 10.5H2a.5.5 0 0 1-.5-.5V8H0v2a2 2 0 0 0 2 2h2v-1.5ZM8 12v-1.5h2a.5.5 0 0 0 .5-.5V8H12v2a2 2 0 0 1-2 2H8Zm2-12a2 2 0 0 1 2 2v2h-1.5V2a.5.5 0 0 0-.5-.5H8V0h2Z\" \/>\n\t\t\t<\/svg>\n\t\t<\/button><\/figure>\n\n\n\n<figure data-wp-context=\"{&quot;imageId&quot;:&quot;69da85931efdd&quot;}\" data-wp-interactive=\"core\/image\" data-wp-key=\"69da85931efdd\" class=\"wp-block-image size-large wp-lightbox-container\"><img loading=\"lazy\" decoding=\"async\" width=\"683\" height=\"1024\" data-wp-class--hide=\"state.isContentHidden\" data-wp-class--show=\"state.isContentVisible\" data-wp-init=\"callbacks.setButtonStyles\" data-wp-on--click=\"actions.showLightbox\" data-wp-on--load=\"callbacks.setButtonStyles\" data-wp-on-window--resize=\"callbacks.setButtonStyles\" data-id=\"603\" src=\"https:\/\/pedrojoseortegalopez.com\/wp-content\/uploads\/2023\/12\/NAMOR-ASH_02-1-683x1024.jpg\" alt=\"\" class=\"wp-image-603\" srcset=\"https:\/\/pedrojoseortegalopez.com\/wp-content\/uploads\/2023\/12\/NAMOR-ASH_02-1-683x1024.jpg 683w, https:\/\/pedrojoseortegalopez.com\/wp-content\/uploads\/2023\/12\/NAMOR-ASH_02-1-200x300.jpg 200w, https:\/\/pedrojoseortegalopez.com\/wp-content\/uploads\/2023\/12\/NAMOR-ASH_02-1-768x1152.jpg 768w, https:\/\/pedrojoseortegalopez.com\/wp-content\/uploads\/2023\/12\/NAMOR-ASH_02-1-1024x1536.jpg 1024w, https:\/\/pedrojoseortegalopez.com\/wp-content\/uploads\/2023\/12\/NAMOR-ASH_02-1.jpg 1280w\" sizes=\"auto, (max-width: 683px) 100vw, 683px\" \/><button\n\t\t\tclass=\"lightbox-trigger\"\n\t\t\ttype=\"button\"\n\t\t\taria-haspopup=\"dialog\"\n\t\t\taria-label=\"Enlarge\"\n\t\t\tdata-wp-init=\"callbacks.initTriggerButton\"\n\t\t\tdata-wp-on--click=\"actions.showLightbox\"\n\t\t\tdata-wp-style--right=\"state.imageButtonRight\"\n\t\t\tdata-wp-style--top=\"state.imageButtonTop\"\n\t\t>\n\t\t\t<svg xmlns=\"http:\/\/www.w3.org\/2000\/svg\" width=\"12\" height=\"12\" fill=\"none\" viewBox=\"0 0 12 12\">\n\t\t\t\t<path fill=\"#fff\" d=\"M2 0a2 2 0 0 0-2 2v2h1.5V2a.5.5 0 0 1 .5-.5h2V0H2Zm2 10.5H2a.5.5 0 0 1-.5-.5V8H0v2a2 2 0 0 0 2 2h2v-1.5ZM8 12v-1.5h2a.5.5 0 0 0 .5-.5V8H12v2a2 2 0 0 1-2 2H8Zm2-12a2 2 0 0 1 2 2v2h-1.5V2a.5.5 0 0 0-.5-.5H8V0h2Z\" \/>\n\t\t\t<\/svg>\n\t\t<\/button><\/figure>\n\n\n\n<figure data-wp-context=\"{&quot;imageId&quot;:&quot;69da85931f3eb&quot;}\" data-wp-interactive=\"core\/image\" data-wp-key=\"69da85931f3eb\" class=\"wp-block-image size-large wp-lightbox-container\"><img loading=\"lazy\" decoding=\"async\" width=\"683\" height=\"1024\" data-wp-class--hide=\"state.isContentHidden\" data-wp-class--show=\"state.isContentVisible\" data-wp-init=\"callbacks.setButtonStyles\" data-wp-on--click=\"actions.showLightbox\" data-wp-on--load=\"callbacks.setButtonStyles\" data-wp-on-window--resize=\"callbacks.setButtonStyles\" data-id=\"604\" src=\"https:\/\/pedrojoseortegalopez.com\/wp-content\/uploads\/2023\/12\/NAMOR-ASH_03-1-683x1024.jpg\" alt=\"\" class=\"wp-image-604\" srcset=\"https:\/\/pedrojoseortegalopez.com\/wp-content\/uploads\/2023\/12\/NAMOR-ASH_03-1-683x1024.jpg 683w, https:\/\/pedrojoseortegalopez.com\/wp-content\/uploads\/2023\/12\/NAMOR-ASH_03-1-200x300.jpg 200w, https:\/\/pedrojoseortegalopez.com\/wp-content\/uploads\/2023\/12\/NAMOR-ASH_03-1-768x1152.jpg 768w, https:\/\/pedrojoseortegalopez.com\/wp-content\/uploads\/2023\/12\/NAMOR-ASH_03-1-1024x1536.jpg 1024w, https:\/\/pedrojoseortegalopez.com\/wp-content\/uploads\/2023\/12\/NAMOR-ASH_03-1.jpg 1280w\" sizes=\"auto, (max-width: 683px) 100vw, 683px\" \/><button\n\t\t\tclass=\"lightbox-trigger\"\n\t\t\ttype=\"button\"\n\t\t\taria-haspopup=\"dialog\"\n\t\t\taria-label=\"Enlarge\"\n\t\t\tdata-wp-init=\"callbacks.initTriggerButton\"\n\t\t\tdata-wp-on--click=\"actions.showLightbox\"\n\t\t\tdata-wp-style--right=\"state.imageButtonRight\"\n\t\t\tdata-wp-style--top=\"state.imageButtonTop\"\n\t\t>\n\t\t\t<svg xmlns=\"http:\/\/www.w3.org\/2000\/svg\" width=\"12\" height=\"12\" fill=\"none\" viewBox=\"0 0 12 12\">\n\t\t\t\t<path fill=\"#fff\" d=\"M2 0a2 2 0 0 0-2 2v2h1.5V2a.5.5 0 0 1 .5-.5h2V0H2Zm2 10.5H2a.5.5 0 0 1-.5-.5V8H0v2a2 2 0 0 0 2 2h2v-1.5ZM8 12v-1.5h2a.5.5 0 0 0 .5-.5V8H12v2a2 2 0 0 1-2 2H8Zm2-12a2 2 0 0 1 2 2v2h-1.5V2a.5.5 0 0 0-.5-.5H8V0h2Z\" \/>\n\t\t\t<\/svg>\n\t\t<\/button><\/figure>\n\n\n\n<figure data-wp-context=\"{&quot;imageId&quot;:&quot;69da85931f827&quot;}\" data-wp-interactive=\"core\/image\" data-wp-key=\"69da85931f827\" class=\"wp-block-image size-large wp-lightbox-container\"><img loading=\"lazy\" decoding=\"async\" width=\"683\" height=\"1024\" data-wp-class--hide=\"state.isContentHidden\" data-wp-class--show=\"state.isContentVisible\" data-wp-init=\"callbacks.setButtonStyles\" data-wp-on--click=\"actions.showLightbox\" data-wp-on--load=\"callbacks.setButtonStyles\" data-wp-on-window--resize=\"callbacks.setButtonStyles\" data-id=\"605\" src=\"https:\/\/pedrojoseortegalopez.com\/wp-content\/uploads\/2023\/12\/NAMOR-ASH_04-1-683x1024.jpg\" alt=\"\" class=\"wp-image-605\" srcset=\"https:\/\/pedrojoseortegalopez.com\/wp-content\/uploads\/2023\/12\/NAMOR-ASH_04-1-683x1024.jpg 683w, https:\/\/pedrojoseortegalopez.com\/wp-content\/uploads\/2023\/12\/NAMOR-ASH_04-1-200x300.jpg 200w, https:\/\/pedrojoseortegalopez.com\/wp-content\/uploads\/2023\/12\/NAMOR-ASH_04-1-768x1152.jpg 768w, https:\/\/pedrojoseortegalopez.com\/wp-content\/uploads\/2023\/12\/NAMOR-ASH_04-1-1024x1536.jpg 1024w, https:\/\/pedrojoseortegalopez.com\/wp-content\/uploads\/2023\/12\/NAMOR-ASH_04-1.jpg 1280w\" sizes=\"auto, (max-width: 683px) 100vw, 683px\" \/><button\n\t\t\tclass=\"lightbox-trigger\"\n\t\t\ttype=\"button\"\n\t\t\taria-haspopup=\"dialog\"\n\t\t\taria-label=\"Enlarge\"\n\t\t\tdata-wp-init=\"callbacks.initTriggerButton\"\n\t\t\tdata-wp-on--click=\"actions.showLightbox\"\n\t\t\tdata-wp-style--right=\"state.imageButtonRight\"\n\t\t\tdata-wp-style--top=\"state.imageButtonTop\"\n\t\t>\n\t\t\t<svg xmlns=\"http:\/\/www.w3.org\/2000\/svg\" width=\"12\" height=\"12\" fill=\"none\" viewBox=\"0 0 12 12\">\n\t\t\t\t<path fill=\"#fff\" d=\"M2 0a2 2 0 0 0-2 2v2h1.5V2a.5.5 0 0 1 .5-.5h2V0H2Zm2 10.5H2a.5.5 0 0 1-.5-.5V8H0v2a2 2 0 0 0 2 2h2v-1.5ZM8 12v-1.5h2a.5.5 0 0 0 .5-.5V8H12v2a2 2 0 0 1-2 2H8Zm2-12a2 2 0 0 1 2 2v2h-1.5V2a.5.5 0 0 0-.5-.5H8V0h2Z\" \/>\n\t\t\t<\/svg>\n\t\t<\/button><\/figure>\n\n\n\n<figure data-wp-context=\"{&quot;imageId&quot;:&quot;69da85931fc14&quot;}\" data-wp-interactive=\"core\/image\" data-wp-key=\"69da85931fc14\" class=\"wp-block-image size-large wp-lightbox-container\"><img loading=\"lazy\" decoding=\"async\" width=\"683\" height=\"1024\" data-wp-class--hide=\"state.isContentHidden\" data-wp-class--show=\"state.isContentVisible\" data-wp-init=\"callbacks.setButtonStyles\" data-wp-on--click=\"actions.showLightbox\" data-wp-on--load=\"callbacks.setButtonStyles\" data-wp-on-window--resize=\"callbacks.setButtonStyles\" data-id=\"606\" src=\"https:\/\/pedrojoseortegalopez.com\/wp-content\/uploads\/2023\/12\/NAMOR-ASH_05-1-683x1024.jpg\" alt=\"\" class=\"wp-image-606\" srcset=\"https:\/\/pedrojoseortegalopez.com\/wp-content\/uploads\/2023\/12\/NAMOR-ASH_05-1-683x1024.jpg 683w, https:\/\/pedrojoseortegalopez.com\/wp-content\/uploads\/2023\/12\/NAMOR-ASH_05-1-200x300.jpg 200w, https:\/\/pedrojoseortegalopez.com\/wp-content\/uploads\/2023\/12\/NAMOR-ASH_05-1-768x1152.jpg 768w, https:\/\/pedrojoseortegalopez.com\/wp-content\/uploads\/2023\/12\/NAMOR-ASH_05-1-1024x1536.jpg 1024w, https:\/\/pedrojoseortegalopez.com\/wp-content\/uploads\/2023\/12\/NAMOR-ASH_05-1.jpg 1280w\" sizes=\"auto, (max-width: 683px) 100vw, 683px\" \/><button\n\t\t\tclass=\"lightbox-trigger\"\n\t\t\ttype=\"button\"\n\t\t\taria-haspopup=\"dialog\"\n\t\t\taria-label=\"Enlarge\"\n\t\t\tdata-wp-init=\"callbacks.initTriggerButton\"\n\t\t\tdata-wp-on--click=\"actions.showLightbox\"\n\t\t\tdata-wp-style--right=\"state.imageButtonRight\"\n\t\t\tdata-wp-style--top=\"state.imageButtonTop\"\n\t\t>\n\t\t\t<svg xmlns=\"http:\/\/www.w3.org\/2000\/svg\" width=\"12\" height=\"12\" fill=\"none\" viewBox=\"0 0 12 12\">\n\t\t\t\t<path fill=\"#fff\" d=\"M2 0a2 2 0 0 0-2 2v2h1.5V2a.5.5 0 0 1 .5-.5h2V0H2Zm2 10.5H2a.5.5 0 0 1-.5-.5V8H0v2a2 2 0 0 0 2 2h2v-1.5ZM8 12v-1.5h2a.5.5 0 0 0 .5-.5V8H12v2a2 2 0 0 1-2 2H8Zm2-12a2 2 0 0 1 2 2v2h-1.5V2a.5.5 0 0 0-.5-.5H8V0h2Z\" \/>\n\t\t\t<\/svg>\n\t\t<\/button><\/figure>\n\n\n\n<figure data-wp-context=\"{&quot;imageId&quot;:&quot;69da859320033&quot;}\" data-wp-interactive=\"core\/image\" data-wp-key=\"69da859320033\" class=\"wp-block-image size-large wp-lightbox-container\"><img loading=\"lazy\" decoding=\"async\" width=\"683\" height=\"1024\" data-wp-class--hide=\"state.isContentHidden\" data-wp-class--show=\"state.isContentVisible\" data-wp-init=\"callbacks.setButtonStyles\" data-wp-on--click=\"actions.showLightbox\" data-wp-on--load=\"callbacks.setButtonStyles\" data-wp-on-window--resize=\"callbacks.setButtonStyles\" data-id=\"607\" src=\"https:\/\/pedrojoseortegalopez.com\/wp-content\/uploads\/2023\/12\/NAMOR-ASH_06-1-683x1024.jpg\" alt=\"\" class=\"wp-image-607\" srcset=\"https:\/\/pedrojoseortegalopez.com\/wp-content\/uploads\/2023\/12\/NAMOR-ASH_06-1-683x1024.jpg 683w, https:\/\/pedrojoseortegalopez.com\/wp-content\/uploads\/2023\/12\/NAMOR-ASH_06-1-200x300.jpg 200w, https:\/\/pedrojoseortegalopez.com\/wp-content\/uploads\/2023\/12\/NAMOR-ASH_06-1-768x1152.jpg 768w, https:\/\/pedrojoseortegalopez.com\/wp-content\/uploads\/2023\/12\/NAMOR-ASH_06-1-1024x1536.jpg 1024w, https:\/\/pedrojoseortegalopez.com\/wp-content\/uploads\/2023\/12\/NAMOR-ASH_06-1.jpg 1280w\" sizes=\"auto, (max-width: 683px) 100vw, 683px\" \/><button\n\t\t\tclass=\"lightbox-trigger\"\n\t\t\ttype=\"button\"\n\t\t\taria-haspopup=\"dialog\"\n\t\t\taria-label=\"Enlarge\"\n\t\t\tdata-wp-init=\"callbacks.initTriggerButton\"\n\t\t\tdata-wp-on--click=\"actions.showLightbox\"\n\t\t\tdata-wp-style--right=\"state.imageButtonRight\"\n\t\t\tdata-wp-style--top=\"state.imageButtonTop\"\n\t\t>\n\t\t\t<svg xmlns=\"http:\/\/www.w3.org\/2000\/svg\" width=\"12\" height=\"12\" fill=\"none\" viewBox=\"0 0 12 12\">\n\t\t\t\t<path fill=\"#fff\" d=\"M2 0a2 2 0 0 0-2 2v2h1.5V2a.5.5 0 0 1 .5-.5h2V0H2Zm2 10.5H2a.5.5 0 0 1-.5-.5V8H0v2a2 2 0 0 0 2 2h2v-1.5ZM8 12v-1.5h2a.5.5 0 0 0 .5-.5V8H12v2a2 2 0 0 1-2 2H8Zm2-12a2 2 0 0 1 2 2v2h-1.5V2a.5.5 0 0 0-.5-.5H8V0h2Z\" \/>\n\t\t\t<\/svg>\n\t\t<\/button><\/figure>\n\n\n\n<figure data-wp-context=\"{&quot;imageId&quot;:&quot;69da8593203f6&quot;}\" data-wp-interactive=\"core\/image\" data-wp-key=\"69da8593203f6\" class=\"wp-block-image size-large wp-lightbox-container\"><img loading=\"lazy\" decoding=\"async\" width=\"683\" height=\"1024\" data-wp-class--hide=\"state.isContentHidden\" data-wp-class--show=\"state.isContentVisible\" data-wp-init=\"callbacks.setButtonStyles\" data-wp-on--click=\"actions.showLightbox\" data-wp-on--load=\"callbacks.setButtonStyles\" data-wp-on-window--resize=\"callbacks.setButtonStyles\" data-id=\"608\" src=\"https:\/\/pedrojoseortegalopez.com\/wp-content\/uploads\/2023\/12\/NAMOR-ASH_07-1-683x1024.jpg\" alt=\"\" class=\"wp-image-608\" srcset=\"https:\/\/pedrojoseortegalopez.com\/wp-content\/uploads\/2023\/12\/NAMOR-ASH_07-1-683x1024.jpg 683w, https:\/\/pedrojoseortegalopez.com\/wp-content\/uploads\/2023\/12\/NAMOR-ASH_07-1-200x300.jpg 200w, https:\/\/pedrojoseortegalopez.com\/wp-content\/uploads\/2023\/12\/NAMOR-ASH_07-1-768x1152.jpg 768w, https:\/\/pedrojoseortegalopez.com\/wp-content\/uploads\/2023\/12\/NAMOR-ASH_07-1-1024x1536.jpg 1024w, https:\/\/pedrojoseortegalopez.com\/wp-content\/uploads\/2023\/12\/NAMOR-ASH_07-1.jpg 1280w\" sizes=\"auto, (max-width: 683px) 100vw, 683px\" \/><button\n\t\t\tclass=\"lightbox-trigger\"\n\t\t\ttype=\"button\"\n\t\t\taria-haspopup=\"dialog\"\n\t\t\taria-label=\"Enlarge\"\n\t\t\tdata-wp-init=\"callbacks.initTriggerButton\"\n\t\t\tdata-wp-on--click=\"actions.showLightbox\"\n\t\t\tdata-wp-style--right=\"state.imageButtonRight\"\n\t\t\tdata-wp-style--top=\"state.imageButtonTop\"\n\t\t>\n\t\t\t<svg xmlns=\"http:\/\/www.w3.org\/2000\/svg\" width=\"12\" height=\"12\" fill=\"none\" viewBox=\"0 0 12 12\">\n\t\t\t\t<path fill=\"#fff\" d=\"M2 0a2 2 0 0 0-2 2v2h1.5V2a.5.5 0 0 1 .5-.5h2V0H2Zm2 10.5H2a.5.5 0 0 1-.5-.5V8H0v2a2 2 0 0 0 2 2h2v-1.5ZM8 12v-1.5h2a.5.5 0 0 0 .5-.5V8H12v2a2 2 0 0 1-2 2H8Zm2-12a2 2 0 0 1 2 2v2h-1.5V2a.5.5 0 0 0-.5-.5H8V0h2Z\" \/>\n\t\t\t<\/svg>\n\t\t<\/button><\/figure>\n\n\n\n<figure data-wp-context=\"{&quot;imageId&quot;:&quot;69da85932086e&quot;}\" data-wp-interactive=\"core\/image\" data-wp-key=\"69da85932086e\" class=\"wp-block-image size-large wp-lightbox-container\"><img loading=\"lazy\" decoding=\"async\" width=\"683\" height=\"1024\" data-wp-class--hide=\"state.isContentHidden\" data-wp-class--show=\"state.isContentVisible\" data-wp-init=\"callbacks.setButtonStyles\" data-wp-on--click=\"actions.showLightbox\" data-wp-on--load=\"callbacks.setButtonStyles\" data-wp-on-window--resize=\"callbacks.setButtonStyles\" data-id=\"609\" src=\"https:\/\/pedrojoseortegalopez.com\/wp-content\/uploads\/2023\/12\/NAMOR-ASH_08-1-683x1024.jpg\" alt=\"\" class=\"wp-image-609\" srcset=\"https:\/\/pedrojoseortegalopez.com\/wp-content\/uploads\/2023\/12\/NAMOR-ASH_08-1-683x1024.jpg 683w, https:\/\/pedrojoseortegalopez.com\/wp-content\/uploads\/2023\/12\/NAMOR-ASH_08-1-200x300.jpg 200w, https:\/\/pedrojoseortegalopez.com\/wp-content\/uploads\/2023\/12\/NAMOR-ASH_08-1-768x1152.jpg 768w, https:\/\/pedrojoseortegalopez.com\/wp-content\/uploads\/2023\/12\/NAMOR-ASH_08-1-1024x1536.jpg 1024w, https:\/\/pedrojoseortegalopez.com\/wp-content\/uploads\/2023\/12\/NAMOR-ASH_08-1.jpg 1280w\" sizes=\"auto, (max-width: 683px) 100vw, 683px\" \/><button\n\t\t\tclass=\"lightbox-trigger\"\n\t\t\ttype=\"button\"\n\t\t\taria-haspopup=\"dialog\"\n\t\t\taria-label=\"Enlarge\"\n\t\t\tdata-wp-init=\"callbacks.initTriggerButton\"\n\t\t\tdata-wp-on--click=\"actions.showLightbox\"\n\t\t\tdata-wp-style--right=\"state.imageButtonRight\"\n\t\t\tdata-wp-style--top=\"state.imageButtonTop\"\n\t\t>\n\t\t\t<svg xmlns=\"http:\/\/www.w3.org\/2000\/svg\" width=\"12\" height=\"12\" fill=\"none\" viewBox=\"0 0 12 12\">\n\t\t\t\t<path fill=\"#fff\" d=\"M2 0a2 2 0 0 0-2 2v2h1.5V2a.5.5 0 0 1 .5-.5h2V0H2Zm2 10.5H2a.5.5 0 0 1-.5-.5V8H0v2a2 2 0 0 0 2 2h2v-1.5ZM8 12v-1.5h2a.5.5 0 0 0 .5-.5V8H12v2a2 2 0 0 1-2 2H8Zm2-12a2 2 0 0 1 2 2v2h-1.5V2a.5.5 0 0 0-.5-.5H8V0h2Z\" \/>\n\t\t\t<\/svg>\n\t\t<\/button><\/figure>\n<\/figure>\n\n\n\n<div style=\"height:100px\" aria-hidden=\"true\" class=\"wp-block-spacer\"><\/div>\n","protected":false},"excerpt":{"rendered":"<p>\u00a1Sum\u00e9rgete en la majestuosidad y el carisma del pr\u00edncipe atlante con la figura en resina de Namor, el Sub-Mariner, proveniente de los c\u00f3mics! Esta representaci\u00f3n detallada captura la nobleza y la fuerza intr\u00e9pida de este ic\u00f3nico personaje. Descubre c\u00f3mo esta miniatura en resina emana poder\u00edo y misterio, convirti\u00e9ndola en una pieza esencial para cualquier coleccionista &hellip; <\/p>\n<p class=\"link-more\"><a href=\"https:\/\/pedrojoseortegalopez.com\/index.php\/namor\/\" class=\"more-link\">Read more<span class=\"screen-reader-text\"> &#8220;NAMOR&#8221;<\/span><\/a><\/p>\n","protected":false},"author":1,"featured_media":0,"parent":0,"menu_order":0,"comment_status":"closed","ping_status":"closed","template":"","meta":{"footnotes":""},"class_list":["post-601","page","type-page","status-publish","hentry"],"_links":{"self":[{"href":"https:\/\/pedrojoseortegalopez.com\/index.php\/wp-json\/wp\/v2\/pages\/601","targetHints":{"allow":["GET"]}}],"collection":[{"href":"https:\/\/pedrojoseortegalopez.com\/index.php\/wp-json\/wp\/v2\/pages"}],"about":[{"href":"https:\/\/pedrojoseortegalopez.com\/index.php\/wp-json\/wp\/v2\/types\/page"}],"author":[{"embeddable":true,"href":"https:\/\/pedrojoseortegalopez.com\/index.php\/wp-json\/wp\/v2\/users\/1"}],"replies":[{"embeddable":true,"href":"https:\/\/pedrojoseortegalopez.com\/index.php\/wp-json\/wp\/v2\/comments?post=601"}],"version-history":[{"count":1,"href":"https:\/\/pedrojoseortegalopez.com\/index.php\/wp-json\/wp\/v2\/pages\/601\/revisions"}],"predecessor-version":[{"id":610,"href":"https:\/\/pedrojoseortegalopez.com\/index.php\/wp-json\/wp\/v2\/pages\/601\/revisions\/610"}],"wp:attachment":[{"href":"https:\/\/pedrojoseortegalopez.com\/index.php\/wp-json\/wp\/v2\/media?parent=601"}],"curies":[{"name":"wp","href":"https:\/\/api.w.org\/{rel}","templated":true}]}}