{"id":612,"date":"2023-12-30T08:41:25","date_gmt":"2023-12-30T08:41:25","guid":{"rendered":"https:\/\/pedrojoseortegalopez.com\/?page_id=612"},"modified":"2023-12-30T08:42:38","modified_gmt":"2023-12-30T08:42:38","slug":"rocket","status":"publish","type":"page","link":"https:\/\/pedrojoseortegalopez.com\/index.php\/rocket\/","title":{"rendered":"ROCKET"},"content":{"rendered":"\n<p class=\"has-text-align-center\"><span style=\"font-size: 16px; caret-color: rgb(55, 65, 81); color: rgb(55, 65, 81); font-family: S\u00f6hne, ui-sans-serif, system-ui, -apple-system, &quot;Segoe UI&quot;, Roboto, Ubuntu, Cantarell, &quot;Noto Sans&quot;, sans-serif, &quot;Helvetica Neue&quot;, Arial, &quot;Apple Color Emoji&quot;, &quot;Segoe UI Emoji&quot;, &quot;Segoe UI Symbol&quot;, &quot;Noto Color Emoji&quot;;\">Prep\u00e1rate para la acci\u00f3n y la astucia con nuestra figura en resina de Rocket, el astuto y valiente mapache de los Guardianes de la Galaxia! Esta representaci\u00f3n meticulosamente detallada captura la bravura y el ingenio de este singular personaje. Descubre c\u00f3mo esta miniatura en resina refleja la esencia misma del esp\u00edritu guerrero de Rocket, convirti\u00e9ndola en una pieza esencial para cualquier fan\u00e1tico de los Guardianes de la Galaxia. Ad\u00e9ntrate en el universo c\u00f3smico con esta representaci\u00f3n cautivadora de uno de los h\u00e9roes m\u00e1s entra\u00f1ables y valientes del cosmos Marvel.<\/span><\/p>\n\n\n\n<div style=\"height:100px\" aria-hidden=\"true\" class=\"wp-block-spacer\"><\/div>\n\n\n\n<figure class=\"wp-block-gallery has-nested-images columns-default is-cropped wp-block-gallery-1 is-layout-flex wp-block-gallery-is-layout-flex\">\n<figure data-wp-context=\"{&quot;imageId&quot;:&quot;69daa5c5bfa5c&quot;}\" data-wp-interactive=\"core\/image\" data-wp-key=\"69daa5c5bfa5c\" class=\"wp-block-image size-large wp-lightbox-container\"><img loading=\"lazy\" decoding=\"async\" width=\"1024\" height=\"1024\" data-wp-class--hide=\"state.isContentHidden\" data-wp-class--show=\"state.isContentVisible\" data-wp-init=\"callbacks.setButtonStyles\" data-wp-on--click=\"actions.showLightbox\" data-wp-on--load=\"callbacks.setButtonStyles\" data-wp-on-window--resize=\"callbacks.setButtonStyles\" data-id=\"613\" src=\"https:\/\/pedrojoseortegalopez.com\/wp-content\/uploads\/2023\/12\/ROCKET_ASH_01-1-1024x1024.jpg\" alt=\"\" class=\"wp-image-613\" srcset=\"https:\/\/pedrojoseortegalopez.com\/wp-content\/uploads\/2023\/12\/ROCKET_ASH_01-1-1024x1024.jpg 1024w, https:\/\/pedrojoseortegalopez.com\/wp-content\/uploads\/2023\/12\/ROCKET_ASH_01-1-300x300.jpg 300w, https:\/\/pedrojoseortegalopez.com\/wp-content\/uploads\/2023\/12\/ROCKET_ASH_01-1-150x150.jpg 150w, https:\/\/pedrojoseortegalopez.com\/wp-content\/uploads\/2023\/12\/ROCKET_ASH_01-1-768x768.jpg 768w, https:\/\/pedrojoseortegalopez.com\/wp-content\/uploads\/2023\/12\/ROCKET_ASH_01-1-1536x1536.jpg 1536w, https:\/\/pedrojoseortegalopez.com\/wp-content\/uploads\/2023\/12\/ROCKET_ASH_01-1.jpg 1920w\" sizes=\"auto, (max-width: 1024px) 100vw, 1024px\" \/><button\n\t\t\tclass=\"lightbox-trigger\"\n\t\t\ttype=\"button\"\n\t\t\taria-haspopup=\"dialog\"\n\t\t\taria-label=\"Enlarge\"\n\t\t\tdata-wp-init=\"callbacks.initTriggerButton\"\n\t\t\tdata-wp-on--click=\"actions.showLightbox\"\n\t\t\tdata-wp-style--right=\"state.imageButtonRight\"\n\t\t\tdata-wp-style--top=\"state.imageButtonTop\"\n\t\t>\n\t\t\t<svg xmlns=\"http:\/\/www.w3.org\/2000\/svg\" width=\"12\" height=\"12\" fill=\"none\" viewBox=\"0 0 12 12\">\n\t\t\t\t<path fill=\"#fff\" d=\"M2 0a2 2 0 0 0-2 2v2h1.5V2a.5.5 0 0 1 .5-.5h2V0H2Zm2 10.5H2a.5.5 0 0 1-.5-.5V8H0v2a2 2 0 0 0 2 2h2v-1.5ZM8 12v-1.5h2a.5.5 0 0 0 .5-.5V8H12v2a2 2 0 0 1-2 2H8Zm2-12a2 2 0 0 1 2 2v2h-1.5V2a.5.5 0 0 0-.5-.5H8V0h2Z\" \/>\n\t\t\t<\/svg>\n\t\t<\/button><\/figure>\n\n\n\n<figure data-wp-context=\"{&quot;imageId&quot;:&quot;69daa5c5c00b2&quot;}\" data-wp-interactive=\"core\/image\" data-wp-key=\"69daa5c5c00b2\" class=\"wp-block-image size-large wp-lightbox-container\"><img loading=\"lazy\" decoding=\"async\" width=\"1024\" height=\"1024\" data-wp-class--hide=\"state.isContentHidden\" data-wp-class--show=\"state.isContentVisible\" data-wp-init=\"callbacks.setButtonStyles\" data-wp-on--click=\"actions.showLightbox\" data-wp-on--load=\"callbacks.setButtonStyles\" data-wp-on-window--resize=\"callbacks.setButtonStyles\" data-id=\"614\" src=\"https:\/\/pedrojoseortegalopez.com\/wp-content\/uploads\/2023\/12\/ROCKET_ASH_02-1-1024x1024.jpg\" alt=\"\" class=\"wp-image-614\" srcset=\"https:\/\/pedrojoseortegalopez.com\/wp-content\/uploads\/2023\/12\/ROCKET_ASH_02-1-1024x1024.jpg 1024w, https:\/\/pedrojoseortegalopez.com\/wp-content\/uploads\/2023\/12\/ROCKET_ASH_02-1-300x300.jpg 300w, https:\/\/pedrojoseortegalopez.com\/wp-content\/uploads\/2023\/12\/ROCKET_ASH_02-1-150x150.jpg 150w, https:\/\/pedrojoseortegalopez.com\/wp-content\/uploads\/2023\/12\/ROCKET_ASH_02-1-768x768.jpg 768w, https:\/\/pedrojoseortegalopez.com\/wp-content\/uploads\/2023\/12\/ROCKET_ASH_02-1-1536x1536.jpg 1536w, https:\/\/pedrojoseortegalopez.com\/wp-content\/uploads\/2023\/12\/ROCKET_ASH_02-1.jpg 1920w\" sizes=\"auto, (max-width: 1024px) 100vw, 1024px\" \/><button\n\t\t\tclass=\"lightbox-trigger\"\n\t\t\ttype=\"button\"\n\t\t\taria-haspopup=\"dialog\"\n\t\t\taria-label=\"Enlarge\"\n\t\t\tdata-wp-init=\"callbacks.initTriggerButton\"\n\t\t\tdata-wp-on--click=\"actions.showLightbox\"\n\t\t\tdata-wp-style--right=\"state.imageButtonRight\"\n\t\t\tdata-wp-style--top=\"state.imageButtonTop\"\n\t\t>\n\t\t\t<svg xmlns=\"http:\/\/www.w3.org\/2000\/svg\" width=\"12\" height=\"12\" fill=\"none\" viewBox=\"0 0 12 12\">\n\t\t\t\t<path fill=\"#fff\" d=\"M2 0a2 2 0 0 0-2 2v2h1.5V2a.5.5 0 0 1 .5-.5h2V0H2Zm2 10.5H2a.5.5 0 0 1-.5-.5V8H0v2a2 2 0 0 0 2 2h2v-1.5ZM8 12v-1.5h2a.5.5 0 0 0 .5-.5V8H12v2a2 2 0 0 1-2 2H8Zm2-12a2 2 0 0 1 2 2v2h-1.5V2a.5.5 0 0 0-.5-.5H8V0h2Z\" \/>\n\t\t\t<\/svg>\n\t\t<\/button><\/figure>\n\n\n\n<figure data-wp-context=\"{&quot;imageId&quot;:&quot;69daa5c5c0653&quot;}\" data-wp-interactive=\"core\/image\" data-wp-key=\"69daa5c5c0653\" class=\"wp-block-image size-large wp-lightbox-container\"><img loading=\"lazy\" decoding=\"async\" width=\"1024\" height=\"1024\" data-wp-class--hide=\"state.isContentHidden\" data-wp-class--show=\"state.isContentVisible\" data-wp-init=\"callbacks.setButtonStyles\" data-wp-on--click=\"actions.showLightbox\" data-wp-on--load=\"callbacks.setButtonStyles\" data-wp-on-window--resize=\"callbacks.setButtonStyles\" data-id=\"615\" src=\"https:\/\/pedrojoseortegalopez.com\/wp-content\/uploads\/2023\/12\/ROCKET_ASH_03-1-1024x1024.jpg\" alt=\"\" class=\"wp-image-615\" srcset=\"https:\/\/pedrojoseortegalopez.com\/wp-content\/uploads\/2023\/12\/ROCKET_ASH_03-1-1024x1024.jpg 1024w, https:\/\/pedrojoseortegalopez.com\/wp-content\/uploads\/2023\/12\/ROCKET_ASH_03-1-300x300.jpg 300w, https:\/\/pedrojoseortegalopez.com\/wp-content\/uploads\/2023\/12\/ROCKET_ASH_03-1-150x150.jpg 150w, https:\/\/pedrojoseortegalopez.com\/wp-content\/uploads\/2023\/12\/ROCKET_ASH_03-1-768x768.jpg 768w, https:\/\/pedrojoseortegalopez.com\/wp-content\/uploads\/2023\/12\/ROCKET_ASH_03-1-1536x1536.jpg 1536w, https:\/\/pedrojoseortegalopez.com\/wp-content\/uploads\/2023\/12\/ROCKET_ASH_03-1.jpg 1920w\" sizes=\"auto, (max-width: 1024px) 100vw, 1024px\" \/><button\n\t\t\tclass=\"lightbox-trigger\"\n\t\t\ttype=\"button\"\n\t\t\taria-haspopup=\"dialog\"\n\t\t\taria-label=\"Enlarge\"\n\t\t\tdata-wp-init=\"callbacks.initTriggerButton\"\n\t\t\tdata-wp-on--click=\"actions.showLightbox\"\n\t\t\tdata-wp-style--right=\"state.imageButtonRight\"\n\t\t\tdata-wp-style--top=\"state.imageButtonTop\"\n\t\t>\n\t\t\t<svg xmlns=\"http:\/\/www.w3.org\/2000\/svg\" width=\"12\" height=\"12\" fill=\"none\" viewBox=\"0 0 12 12\">\n\t\t\t\t<path fill=\"#fff\" d=\"M2 0a2 2 0 0 0-2 2v2h1.5V2a.5.5 0 0 1 .5-.5h2V0H2Zm2 10.5H2a.5.5 0 0 1-.5-.5V8H0v2a2 2 0 0 0 2 2h2v-1.5ZM8 12v-1.5h2a.5.5 0 0 0 .5-.5V8H12v2a2 2 0 0 1-2 2H8Zm2-12a2 2 0 0 1 2 2v2h-1.5V2a.5.5 0 0 0-.5-.5H8V0h2Z\" \/>\n\t\t\t<\/svg>\n\t\t<\/button><\/figure>\n\n\n\n<figure data-wp-context=\"{&quot;imageId&quot;:&quot;69daa5c5c0ba3&quot;}\" data-wp-interactive=\"core\/image\" data-wp-key=\"69daa5c5c0ba3\" class=\"wp-block-image size-large wp-lightbox-container\"><img loading=\"lazy\" decoding=\"async\" width=\"1024\" height=\"1024\" data-wp-class--hide=\"state.isContentHidden\" data-wp-class--show=\"state.isContentVisible\" data-wp-init=\"callbacks.setButtonStyles\" data-wp-on--click=\"actions.showLightbox\" data-wp-on--load=\"callbacks.setButtonStyles\" data-wp-on-window--resize=\"callbacks.setButtonStyles\" data-id=\"616\" src=\"https:\/\/pedrojoseortegalopez.com\/wp-content\/uploads\/2023\/12\/ROCKET_ASH_04-1-1024x1024.jpg\" alt=\"\" class=\"wp-image-616\" srcset=\"https:\/\/pedrojoseortegalopez.com\/wp-content\/uploads\/2023\/12\/ROCKET_ASH_04-1-1024x1024.jpg 1024w, https:\/\/pedrojoseortegalopez.com\/wp-content\/uploads\/2023\/12\/ROCKET_ASH_04-1-300x300.jpg 300w, https:\/\/pedrojoseortegalopez.com\/wp-content\/uploads\/2023\/12\/ROCKET_ASH_04-1-150x150.jpg 150w, https:\/\/pedrojoseortegalopez.com\/wp-content\/uploads\/2023\/12\/ROCKET_ASH_04-1-768x768.jpg 768w, https:\/\/pedrojoseortegalopez.com\/wp-content\/uploads\/2023\/12\/ROCKET_ASH_04-1-1536x1536.jpg 1536w, https:\/\/pedrojoseortegalopez.com\/wp-content\/uploads\/2023\/12\/ROCKET_ASH_04-1.jpg 1920w\" sizes=\"auto, (max-width: 1024px) 100vw, 1024px\" \/><button\n\t\t\tclass=\"lightbox-trigger\"\n\t\t\ttype=\"button\"\n\t\t\taria-haspopup=\"dialog\"\n\t\t\taria-label=\"Enlarge\"\n\t\t\tdata-wp-init=\"callbacks.initTriggerButton\"\n\t\t\tdata-wp-on--click=\"actions.showLightbox\"\n\t\t\tdata-wp-style--right=\"state.imageButtonRight\"\n\t\t\tdata-wp-style--top=\"state.imageButtonTop\"\n\t\t>\n\t\t\t<svg xmlns=\"http:\/\/www.w3.org\/2000\/svg\" width=\"12\" height=\"12\" fill=\"none\" viewBox=\"0 0 12 12\">\n\t\t\t\t<path fill=\"#fff\" d=\"M2 0a2 2 0 0 0-2 2v2h1.5V2a.5.5 0 0 1 .5-.5h2V0H2Zm2 10.5H2a.5.5 0 0 1-.5-.5V8H0v2a2 2 0 0 0 2 2h2v-1.5ZM8 12v-1.5h2a.5.5 0 0 0 .5-.5V8H12v2a2 2 0 0 1-2 2H8Zm2-12a2 2 0 0 1 2 2v2h-1.5V2a.5.5 0 0 0-.5-.5H8V0h2Z\" \/>\n\t\t\t<\/svg>\n\t\t<\/button><\/figure>\n\n\n\n<figure data-wp-context=\"{&quot;imageId&quot;:&quot;69daa5c5c110f&quot;}\" data-wp-interactive=\"core\/image\" data-wp-key=\"69daa5c5c110f\" class=\"wp-block-image size-large wp-lightbox-container\"><img loading=\"lazy\" decoding=\"async\" width=\"1024\" height=\"1024\" data-wp-class--hide=\"state.isContentHidden\" data-wp-class--show=\"state.isContentVisible\" data-wp-init=\"callbacks.setButtonStyles\" data-wp-on--click=\"actions.showLightbox\" data-wp-on--load=\"callbacks.setButtonStyles\" data-wp-on-window--resize=\"callbacks.setButtonStyles\" data-id=\"617\" src=\"https:\/\/pedrojoseortegalopez.com\/wp-content\/uploads\/2023\/12\/ROCKET_ASH_05-1-1024x1024.jpg\" alt=\"\" class=\"wp-image-617\" srcset=\"https:\/\/pedrojoseortegalopez.com\/wp-content\/uploads\/2023\/12\/ROCKET_ASH_05-1-1024x1024.jpg 1024w, https:\/\/pedrojoseortegalopez.com\/wp-content\/uploads\/2023\/12\/ROCKET_ASH_05-1-300x300.jpg 300w, https:\/\/pedrojoseortegalopez.com\/wp-content\/uploads\/2023\/12\/ROCKET_ASH_05-1-150x150.jpg 150w, https:\/\/pedrojoseortegalopez.com\/wp-content\/uploads\/2023\/12\/ROCKET_ASH_05-1-768x768.jpg 768w, https:\/\/pedrojoseortegalopez.com\/wp-content\/uploads\/2023\/12\/ROCKET_ASH_05-1-1536x1536.jpg 1536w, https:\/\/pedrojoseortegalopez.com\/wp-content\/uploads\/2023\/12\/ROCKET_ASH_05-1.jpg 1920w\" sizes=\"auto, (max-width: 1024px) 100vw, 1024px\" \/><button\n\t\t\tclass=\"lightbox-trigger\"\n\t\t\ttype=\"button\"\n\t\t\taria-haspopup=\"dialog\"\n\t\t\taria-label=\"Enlarge\"\n\t\t\tdata-wp-init=\"callbacks.initTriggerButton\"\n\t\t\tdata-wp-on--click=\"actions.showLightbox\"\n\t\t\tdata-wp-style--right=\"state.imageButtonRight\"\n\t\t\tdata-wp-style--top=\"state.imageButtonTop\"\n\t\t>\n\t\t\t<svg xmlns=\"http:\/\/www.w3.org\/2000\/svg\" width=\"12\" height=\"12\" fill=\"none\" viewBox=\"0 0 12 12\">\n\t\t\t\t<path fill=\"#fff\" d=\"M2 0a2 2 0 0 0-2 2v2h1.5V2a.5.5 0 0 1 .5-.5h2V0H2Zm2 10.5H2a.5.5 0 0 1-.5-.5V8H0v2a2 2 0 0 0 2 2h2v-1.5ZM8 12v-1.5h2a.5.5 0 0 0 .5-.5V8H12v2a2 2 0 0 1-2 2H8Zm2-12a2 2 0 0 1 2 2v2h-1.5V2a.5.5 0 0 0-.5-.5H8V0h2Z\" \/>\n\t\t\t<\/svg>\n\t\t<\/button><\/figure>\n\n\n\n<figure data-wp-context=\"{&quot;imageId&quot;:&quot;69daa5c5c17a0&quot;}\" data-wp-interactive=\"core\/image\" data-wp-key=\"69daa5c5c17a0\" class=\"wp-block-image size-large wp-lightbox-container\"><img loading=\"lazy\" decoding=\"async\" width=\"1024\" height=\"1024\" data-wp-class--hide=\"state.isContentHidden\" data-wp-class--show=\"state.isContentVisible\" data-wp-init=\"callbacks.setButtonStyles\" data-wp-on--click=\"actions.showLightbox\" data-wp-on--load=\"callbacks.setButtonStyles\" data-wp-on-window--resize=\"callbacks.setButtonStyles\" data-id=\"618\" src=\"https:\/\/pedrojoseortegalopez.com\/wp-content\/uploads\/2023\/12\/ROCKET_ASH_06-1-1024x1024.jpg\" alt=\"\" class=\"wp-image-618\" srcset=\"https:\/\/pedrojoseortegalopez.com\/wp-content\/uploads\/2023\/12\/ROCKET_ASH_06-1-1024x1024.jpg 1024w, https:\/\/pedrojoseortegalopez.com\/wp-content\/uploads\/2023\/12\/ROCKET_ASH_06-1-300x300.jpg 300w, https:\/\/pedrojoseortegalopez.com\/wp-content\/uploads\/2023\/12\/ROCKET_ASH_06-1-150x150.jpg 150w, https:\/\/pedrojoseortegalopez.com\/wp-content\/uploads\/2023\/12\/ROCKET_ASH_06-1-768x768.jpg 768w, https:\/\/pedrojoseortegalopez.com\/wp-content\/uploads\/2023\/12\/ROCKET_ASH_06-1-1536x1536.jpg 1536w, https:\/\/pedrojoseortegalopez.com\/wp-content\/uploads\/2023\/12\/ROCKET_ASH_06-1.jpg 1920w\" sizes=\"auto, (max-width: 1024px) 100vw, 1024px\" \/><button\n\t\t\tclass=\"lightbox-trigger\"\n\t\t\ttype=\"button\"\n\t\t\taria-haspopup=\"dialog\"\n\t\t\taria-label=\"Enlarge\"\n\t\t\tdata-wp-init=\"callbacks.initTriggerButton\"\n\t\t\tdata-wp-on--click=\"actions.showLightbox\"\n\t\t\tdata-wp-style--right=\"state.imageButtonRight\"\n\t\t\tdata-wp-style--top=\"state.imageButtonTop\"\n\t\t>\n\t\t\t<svg xmlns=\"http:\/\/www.w3.org\/2000\/svg\" width=\"12\" height=\"12\" fill=\"none\" viewBox=\"0 0 12 12\">\n\t\t\t\t<path fill=\"#fff\" d=\"M2 0a2 2 0 0 0-2 2v2h1.5V2a.5.5 0 0 1 .5-.5h2V0H2Zm2 10.5H2a.5.5 0 0 1-.5-.5V8H0v2a2 2 0 0 0 2 2h2v-1.5ZM8 12v-1.5h2a.5.5 0 0 0 .5-.5V8H12v2a2 2 0 0 1-2 2H8Zm2-12a2 2 0 0 1 2 2v2h-1.5V2a.5.5 0 0 0-.5-.5H8V0h2Z\" \/>\n\t\t\t<\/svg>\n\t\t<\/button><\/figure>\n\n\n\n<figure data-wp-context=\"{&quot;imageId&quot;:&quot;69daa5c5c195f&quot;}\" data-wp-interactive=\"core\/image\" data-wp-key=\"69daa5c5c195f\" class=\"wp-block-image size-large wp-lightbox-container\"><img loading=\"lazy\" decoding=\"async\" width=\"1024\" height=\"1024\" data-wp-class--hide=\"state.isContentHidden\" data-wp-class--show=\"state.isContentVisible\" data-wp-init=\"callbacks.setButtonStyles\" data-wp-on--click=\"actions.showLightbox\" data-wp-on--load=\"callbacks.setButtonStyles\" data-wp-on-window--resize=\"callbacks.setButtonStyles\" data-id=\"614\" src=\"https:\/\/pedrojoseortegalopez.com\/wp-content\/uploads\/2023\/12\/ROCKET_ASH_02-1-1024x1024.jpg\" alt=\"\" class=\"wp-image-614\" srcset=\"https:\/\/pedrojoseortegalopez.com\/wp-content\/uploads\/2023\/12\/ROCKET_ASH_02-1-1024x1024.jpg 1024w, https:\/\/pedrojoseortegalopez.com\/wp-content\/uploads\/2023\/12\/ROCKET_ASH_02-1-300x300.jpg 300w, https:\/\/pedrojoseortegalopez.com\/wp-content\/uploads\/2023\/12\/ROCKET_ASH_02-1-150x150.jpg 150w, https:\/\/pedrojoseortegalopez.com\/wp-content\/uploads\/2023\/12\/ROCKET_ASH_02-1-768x768.jpg 768w, https:\/\/pedrojoseortegalopez.com\/wp-content\/uploads\/2023\/12\/ROCKET_ASH_02-1-1536x1536.jpg 1536w, https:\/\/pedrojoseortegalopez.com\/wp-content\/uploads\/2023\/12\/ROCKET_ASH_02-1.jpg 1920w\" sizes=\"auto, (max-width: 1024px) 100vw, 1024px\" \/><button\n\t\t\tclass=\"lightbox-trigger\"\n\t\t\ttype=\"button\"\n\t\t\taria-haspopup=\"dialog\"\n\t\t\taria-label=\"Enlarge\"\n\t\t\tdata-wp-init=\"callbacks.initTriggerButton\"\n\t\t\tdata-wp-on--click=\"actions.showLightbox\"\n\t\t\tdata-wp-style--right=\"state.imageButtonRight\"\n\t\t\tdata-wp-style--top=\"state.imageButtonTop\"\n\t\t>\n\t\t\t<svg xmlns=\"http:\/\/www.w3.org\/2000\/svg\" width=\"12\" height=\"12\" fill=\"none\" viewBox=\"0 0 12 12\">\n\t\t\t\t<path fill=\"#fff\" d=\"M2 0a2 2 0 0 0-2 2v2h1.5V2a.5.5 0 0 1 .5-.5h2V0H2Zm2 10.5H2a.5.5 0 0 1-.5-.5V8H0v2a2 2 0 0 0 2 2h2v-1.5ZM8 12v-1.5h2a.5.5 0 0 0 .5-.5V8H12v2a2 2 0 0 1-2 2H8Zm2-12a2 2 0 0 1 2 2v2h-1.5V2a.5.5 0 0 0-.5-.5H8V0h2Z\" \/>\n\t\t\t<\/svg>\n\t\t<\/button><\/figure>\n<\/figure>\n\n\n\n<div style=\"height:100px\" aria-hidden=\"true\" class=\"wp-block-spacer\"><\/div>\n","protected":false},"excerpt":{"rendered":"<p>Prep\u00e1rate para la acci\u00f3n y la astucia con nuestra figura en resina de Rocket, el astuto y valiente mapache de los Guardianes de la Galaxia! Esta representaci\u00f3n meticulosamente detallada captura la bravura y el ingenio de este singular personaje. Descubre c\u00f3mo esta miniatura en resina refleja la esencia misma del esp\u00edritu guerrero de Rocket, convirti\u00e9ndola &hellip; <\/p>\n<p class=\"link-more\"><a href=\"https:\/\/pedrojoseortegalopez.com\/index.php\/rocket\/\" class=\"more-link\">Read more<span class=\"screen-reader-text\"> &#8220;ROCKET&#8221;<\/span><\/a><\/p>\n","protected":false},"author":1,"featured_media":0,"parent":0,"menu_order":0,"comment_status":"closed","ping_status":"closed","template":"","meta":{"footnotes":""},"class_list":["post-612","page","type-page","status-publish","hentry"],"_links":{"self":[{"href":"https:\/\/pedrojoseortegalopez.com\/index.php\/wp-json\/wp\/v2\/pages\/612","targetHints":{"allow":["GET"]}}],"collection":[{"href":"https:\/\/pedrojoseortegalopez.com\/index.php\/wp-json\/wp\/v2\/pages"}],"about":[{"href":"https:\/\/pedrojoseortegalopez.com\/index.php\/wp-json\/wp\/v2\/types\/page"}],"author":[{"embeddable":true,"href":"https:\/\/pedrojoseortegalopez.com\/index.php\/wp-json\/wp\/v2\/users\/1"}],"replies":[{"embeddable":true,"href":"https:\/\/pedrojoseortegalopez.com\/index.php\/wp-json\/wp\/v2\/comments?post=612"}],"version-history":[{"count":2,"href":"https:\/\/pedrojoseortegalopez.com\/index.php\/wp-json\/wp\/v2\/pages\/612\/revisions"}],"predecessor-version":[{"id":622,"href":"https:\/\/pedrojoseortegalopez.com\/index.php\/wp-json\/wp\/v2\/pages\/612\/revisions\/622"}],"wp:attachment":[{"href":"https:\/\/pedrojoseortegalopez.com\/index.php\/wp-json\/wp\/v2\/media?parent=612"}],"curies":[{"name":"wp","href":"https:\/\/api.w.org\/{rel}","templated":true}]}}