{"id":672,"date":"2023-12-30T09:12:07","date_gmt":"2023-12-30T09:12:07","guid":{"rendered":"https:\/\/pedrojoseortegalopez.com\/?page_id=672"},"modified":"2023-12-30T09:12:07","modified_gmt":"2023-12-30T09:12:07","slug":"robocop","status":"publish","type":"page","link":"https:\/\/pedrojoseortegalopez.com\/index.php\/robocop\/","title":{"rendered":"ROBOCOP"},"content":{"rendered":"\n<p>\u00a1Prep\u00e1rate para la justicia implacable con nuestra figura pintada en resina de RoboCop! Esta representaci\u00f3n detallada captura la esencia ic\u00f3nica y la determinaci\u00f3n incansable de este emblem\u00e1tico protector de la ley. Cada rasgo refleja su armadura distintiva, su postura imponente y su mirada firme. Descubre c\u00f3mo esta figura pintada en resina encapsula la esencia misma de la fuerza, la valent\u00eda y la lucha por la justicia, convirti\u00e9ndola en una pieza esencial para los fan\u00e1ticos de la ciencia ficci\u00f3n y la acci\u00f3n. Sum\u00e9rgete en el mundo dist\u00f3pico de RoboCop con esta representaci\u00f3n cautivadora de uno de los h\u00e9roes m\u00e1s memorables y queridos del cine.<\/p>\n\n\n\n<div style=\"height:100px\" aria-hidden=\"true\" class=\"wp-block-spacer\"><\/div>\n\n\n\n<figure class=\"wp-block-gallery has-nested-images columns-default is-cropped wp-block-gallery-1 is-layout-flex wp-block-gallery-is-layout-flex\">\n<figure data-wp-context=\"{&quot;imageId&quot;:&quot;69dab57b31e0d&quot;}\" data-wp-interactive=\"core\/image\" data-wp-key=\"69dab57b31e0d\" class=\"wp-block-image size-large wp-lightbox-container\"><img loading=\"lazy\" decoding=\"async\" width=\"1024\" height=\"1024\" data-wp-class--hide=\"state.isContentHidden\" data-wp-class--show=\"state.isContentVisible\" data-wp-init=\"callbacks.setButtonStyles\" data-wp-on--click=\"actions.showLightbox\" data-wp-on--load=\"callbacks.setButtonStyles\" data-wp-on-window--resize=\"callbacks.setButtonStyles\" data-id=\"675\" src=\"http:\/\/pedrojoseortegalopez.com\/wp-content\/uploads\/2023\/12\/MG_6022-1-1024x1024.jpg\" alt=\"\" class=\"wp-image-675\" srcset=\"https:\/\/pedrojoseortegalopez.com\/wp-content\/uploads\/2023\/12\/MG_6022-1-1024x1024.jpg 1024w, https:\/\/pedrojoseortegalopez.com\/wp-content\/uploads\/2023\/12\/MG_6022-1-300x300.jpg 300w, https:\/\/pedrojoseortegalopez.com\/wp-content\/uploads\/2023\/12\/MG_6022-1-150x150.jpg 150w, https:\/\/pedrojoseortegalopez.com\/wp-content\/uploads\/2023\/12\/MG_6022-1-768x768.jpg 768w, https:\/\/pedrojoseortegalopez.com\/wp-content\/uploads\/2023\/12\/MG_6022-1-1536x1536.jpg 1536w, https:\/\/pedrojoseortegalopez.com\/wp-content\/uploads\/2023\/12\/MG_6022-1-2048x2048.jpg 2048w, https:\/\/pedrojoseortegalopez.com\/wp-content\/uploads\/2023\/12\/MG_6022-1-2000x2000.jpg 2000w\" sizes=\"auto, (max-width: 1024px) 100vw, 1024px\" \/><button\n\t\t\tclass=\"lightbox-trigger\"\n\t\t\ttype=\"button\"\n\t\t\taria-haspopup=\"dialog\"\n\t\t\taria-label=\"Enlarge\"\n\t\t\tdata-wp-init=\"callbacks.initTriggerButton\"\n\t\t\tdata-wp-on--click=\"actions.showLightbox\"\n\t\t\tdata-wp-style--right=\"state.imageButtonRight\"\n\t\t\tdata-wp-style--top=\"state.imageButtonTop\"\n\t\t>\n\t\t\t<svg xmlns=\"http:\/\/www.w3.org\/2000\/svg\" width=\"12\" height=\"12\" fill=\"none\" viewBox=\"0 0 12 12\">\n\t\t\t\t<path fill=\"#fff\" d=\"M2 0a2 2 0 0 0-2 2v2h1.5V2a.5.5 0 0 1 .5-.5h2V0H2Zm2 10.5H2a.5.5 0 0 1-.5-.5V8H0v2a2 2 0 0 0 2 2h2v-1.5ZM8 12v-1.5h2a.5.5 0 0 0 .5-.5V8H12v2a2 2 0 0 1-2 2H8Zm2-12a2 2 0 0 1 2 2v2h-1.5V2a.5.5 0 0 0-.5-.5H8V0h2Z\" \/>\n\t\t\t<\/svg>\n\t\t<\/button><\/figure>\n\n\n\n<figure data-wp-context=\"{&quot;imageId&quot;:&quot;69dab57b3239f&quot;}\" data-wp-interactive=\"core\/image\" data-wp-key=\"69dab57b3239f\" class=\"wp-block-image size-large wp-lightbox-container\"><img loading=\"lazy\" decoding=\"async\" width=\"1024\" height=\"1024\" data-wp-class--hide=\"state.isContentHidden\" data-wp-class--show=\"state.isContentVisible\" data-wp-init=\"callbacks.setButtonStyles\" data-wp-on--click=\"actions.showLightbox\" data-wp-on--load=\"callbacks.setButtonStyles\" data-wp-on-window--resize=\"callbacks.setButtonStyles\" data-id=\"673\" src=\"https:\/\/pedrojoseortegalopez.com\/wp-content\/uploads\/2023\/12\/MG_6020-1-1024x1024.jpg\" alt=\"\" class=\"wp-image-673\" srcset=\"https:\/\/pedrojoseortegalopez.com\/wp-content\/uploads\/2023\/12\/MG_6020-1-1024x1024.jpg 1024w, https:\/\/pedrojoseortegalopez.com\/wp-content\/uploads\/2023\/12\/MG_6020-1-300x300.jpg 300w, https:\/\/pedrojoseortegalopez.com\/wp-content\/uploads\/2023\/12\/MG_6020-1-150x150.jpg 150w, https:\/\/pedrojoseortegalopez.com\/wp-content\/uploads\/2023\/12\/MG_6020-1-768x768.jpg 768w, https:\/\/pedrojoseortegalopez.com\/wp-content\/uploads\/2023\/12\/MG_6020-1-1536x1536.jpg 1536w, https:\/\/pedrojoseortegalopez.com\/wp-content\/uploads\/2023\/12\/MG_6020-1-2048x2048.jpg 2048w, https:\/\/pedrojoseortegalopez.com\/wp-content\/uploads\/2023\/12\/MG_6020-1-2000x2000.jpg 2000w\" sizes=\"auto, (max-width: 1024px) 100vw, 1024px\" \/><button\n\t\t\tclass=\"lightbox-trigger\"\n\t\t\ttype=\"button\"\n\t\t\taria-haspopup=\"dialog\"\n\t\t\taria-label=\"Enlarge\"\n\t\t\tdata-wp-init=\"callbacks.initTriggerButton\"\n\t\t\tdata-wp-on--click=\"actions.showLightbox\"\n\t\t\tdata-wp-style--right=\"state.imageButtonRight\"\n\t\t\tdata-wp-style--top=\"state.imageButtonTop\"\n\t\t>\n\t\t\t<svg xmlns=\"http:\/\/www.w3.org\/2000\/svg\" width=\"12\" height=\"12\" fill=\"none\" viewBox=\"0 0 12 12\">\n\t\t\t\t<path fill=\"#fff\" d=\"M2 0a2 2 0 0 0-2 2v2h1.5V2a.5.5 0 0 1 .5-.5h2V0H2Zm2 10.5H2a.5.5 0 0 1-.5-.5V8H0v2a2 2 0 0 0 2 2h2v-1.5ZM8 12v-1.5h2a.5.5 0 0 0 .5-.5V8H12v2a2 2 0 0 1-2 2H8Zm2-12a2 2 0 0 1 2 2v2h-1.5V2a.5.5 0 0 0-.5-.5H8V0h2Z\" \/>\n\t\t\t<\/svg>\n\t\t<\/button><\/figure>\n\n\n\n<figure data-wp-context=\"{&quot;imageId&quot;:&quot;69dab57b3277d&quot;}\" data-wp-interactive=\"core\/image\" data-wp-key=\"69dab57b3277d\" class=\"wp-block-image size-large wp-lightbox-container\"><img loading=\"lazy\" decoding=\"async\" width=\"1024\" height=\"1024\" data-wp-class--hide=\"state.isContentHidden\" data-wp-class--show=\"state.isContentVisible\" data-wp-init=\"callbacks.setButtonStyles\" data-wp-on--click=\"actions.showLightbox\" data-wp-on--load=\"callbacks.setButtonStyles\" data-wp-on-window--resize=\"callbacks.setButtonStyles\" data-id=\"676\" src=\"http:\/\/pedrojoseortegalopez.com\/wp-content\/uploads\/2023\/12\/MG_6023-1-1024x1024.jpg\" alt=\"\" class=\"wp-image-676\" srcset=\"https:\/\/pedrojoseortegalopez.com\/wp-content\/uploads\/2023\/12\/MG_6023-1-1024x1024.jpg 1024w, https:\/\/pedrojoseortegalopez.com\/wp-content\/uploads\/2023\/12\/MG_6023-1-300x300.jpg 300w, https:\/\/pedrojoseortegalopez.com\/wp-content\/uploads\/2023\/12\/MG_6023-1-150x150.jpg 150w, https:\/\/pedrojoseortegalopez.com\/wp-content\/uploads\/2023\/12\/MG_6023-1-768x768.jpg 768w, https:\/\/pedrojoseortegalopez.com\/wp-content\/uploads\/2023\/12\/MG_6023-1-1536x1536.jpg 1536w, https:\/\/pedrojoseortegalopez.com\/wp-content\/uploads\/2023\/12\/MG_6023-1-2048x2048.jpg 2048w, https:\/\/pedrojoseortegalopez.com\/wp-content\/uploads\/2023\/12\/MG_6023-1-2000x2000.jpg 2000w\" sizes=\"auto, (max-width: 1024px) 100vw, 1024px\" \/><button\n\t\t\tclass=\"lightbox-trigger\"\n\t\t\ttype=\"button\"\n\t\t\taria-haspopup=\"dialog\"\n\t\t\taria-label=\"Enlarge\"\n\t\t\tdata-wp-init=\"callbacks.initTriggerButton\"\n\t\t\tdata-wp-on--click=\"actions.showLightbox\"\n\t\t\tdata-wp-style--right=\"state.imageButtonRight\"\n\t\t\tdata-wp-style--top=\"state.imageButtonTop\"\n\t\t>\n\t\t\t<svg xmlns=\"http:\/\/www.w3.org\/2000\/svg\" width=\"12\" height=\"12\" fill=\"none\" viewBox=\"0 0 12 12\">\n\t\t\t\t<path fill=\"#fff\" d=\"M2 0a2 2 0 0 0-2 2v2h1.5V2a.5.5 0 0 1 .5-.5h2V0H2Zm2 10.5H2a.5.5 0 0 1-.5-.5V8H0v2a2 2 0 0 0 2 2h2v-1.5ZM8 12v-1.5h2a.5.5 0 0 0 .5-.5V8H12v2a2 2 0 0 1-2 2H8Zm2-12a2 2 0 0 1 2 2v2h-1.5V2a.5.5 0 0 0-.5-.5H8V0h2Z\" \/>\n\t\t\t<\/svg>\n\t\t<\/button><\/figure>\n\n\n\n<figure data-wp-context=\"{&quot;imageId&quot;:&quot;69dab57b32b63&quot;}\" data-wp-interactive=\"core\/image\" data-wp-key=\"69dab57b32b63\" class=\"wp-block-image size-large wp-lightbox-container\"><img loading=\"lazy\" decoding=\"async\" width=\"1024\" height=\"1024\" data-wp-class--hide=\"state.isContentHidden\" data-wp-class--show=\"state.isContentVisible\" data-wp-init=\"callbacks.setButtonStyles\" data-wp-on--click=\"actions.showLightbox\" data-wp-on--load=\"callbacks.setButtonStyles\" data-wp-on-window--resize=\"callbacks.setButtonStyles\" data-id=\"674\" src=\"http:\/\/pedrojoseortegalopez.com\/wp-content\/uploads\/2023\/12\/MG_6021-1-1024x1024.jpg\" alt=\"\" class=\"wp-image-674\" srcset=\"https:\/\/pedrojoseortegalopez.com\/wp-content\/uploads\/2023\/12\/MG_6021-1-1024x1024.jpg 1024w, https:\/\/pedrojoseortegalopez.com\/wp-content\/uploads\/2023\/12\/MG_6021-1-300x300.jpg 300w, https:\/\/pedrojoseortegalopez.com\/wp-content\/uploads\/2023\/12\/MG_6021-1-150x150.jpg 150w, https:\/\/pedrojoseortegalopez.com\/wp-content\/uploads\/2023\/12\/MG_6021-1-768x768.jpg 768w, https:\/\/pedrojoseortegalopez.com\/wp-content\/uploads\/2023\/12\/MG_6021-1-1536x1536.jpg 1536w, https:\/\/pedrojoseortegalopez.com\/wp-content\/uploads\/2023\/12\/MG_6021-1-2048x2048.jpg 2048w, https:\/\/pedrojoseortegalopez.com\/wp-content\/uploads\/2023\/12\/MG_6021-1-2000x2000.jpg 2000w\" sizes=\"auto, (max-width: 1024px) 100vw, 1024px\" \/><button\n\t\t\tclass=\"lightbox-trigger\"\n\t\t\ttype=\"button\"\n\t\t\taria-haspopup=\"dialog\"\n\t\t\taria-label=\"Enlarge\"\n\t\t\tdata-wp-init=\"callbacks.initTriggerButton\"\n\t\t\tdata-wp-on--click=\"actions.showLightbox\"\n\t\t\tdata-wp-style--right=\"state.imageButtonRight\"\n\t\t\tdata-wp-style--top=\"state.imageButtonTop\"\n\t\t>\n\t\t\t<svg xmlns=\"http:\/\/www.w3.org\/2000\/svg\" width=\"12\" height=\"12\" fill=\"none\" viewBox=\"0 0 12 12\">\n\t\t\t\t<path fill=\"#fff\" d=\"M2 0a2 2 0 0 0-2 2v2h1.5V2a.5.5 0 0 1 .5-.5h2V0H2Zm2 10.5H2a.5.5 0 0 1-.5-.5V8H0v2a2 2 0 0 0 2 2h2v-1.5ZM8 12v-1.5h2a.5.5 0 0 0 .5-.5V8H12v2a2 2 0 0 1-2 2H8Zm2-12a2 2 0 0 1 2 2v2h-1.5V2a.5.5 0 0 0-.5-.5H8V0h2Z\" \/>\n\t\t\t<\/svg>\n\t\t<\/button><\/figure>\n<\/figure>\n\n\n\n<div style=\"height:100px\" aria-hidden=\"true\" class=\"wp-block-spacer\"><\/div>\n","protected":false},"excerpt":{"rendered":"<p>\u00a1Prep\u00e1rate para la justicia implacable con nuestra figura pintada en resina de RoboCop! Esta representaci\u00f3n detallada captura la esencia ic\u00f3nica y la determinaci\u00f3n incansable de este emblem\u00e1tico protector de la ley. Cada rasgo refleja su armadura distintiva, su postura imponente y su mirada firme. Descubre c\u00f3mo esta figura pintada en resina encapsula la esencia misma &hellip; <\/p>\n<p class=\"link-more\"><a href=\"https:\/\/pedrojoseortegalopez.com\/index.php\/robocop\/\" class=\"more-link\">Read more<span class=\"screen-reader-text\"> &#8220;ROBOCOP&#8221;<\/span><\/a><\/p>\n","protected":false},"author":1,"featured_media":0,"parent":0,"menu_order":0,"comment_status":"closed","ping_status":"closed","template":"","meta":{"footnotes":""},"class_list":["post-672","page","type-page","status-publish","hentry"],"_links":{"self":[{"href":"https:\/\/pedrojoseortegalopez.com\/index.php\/wp-json\/wp\/v2\/pages\/672","targetHints":{"allow":["GET"]}}],"collection":[{"href":"https:\/\/pedrojoseortegalopez.com\/index.php\/wp-json\/wp\/v2\/pages"}],"about":[{"href":"https:\/\/pedrojoseortegalopez.com\/index.php\/wp-json\/wp\/v2\/types\/page"}],"author":[{"embeddable":true,"href":"https:\/\/pedrojoseortegalopez.com\/index.php\/wp-json\/wp\/v2\/users\/1"}],"replies":[{"embeddable":true,"href":"https:\/\/pedrojoseortegalopez.com\/index.php\/wp-json\/wp\/v2\/comments?post=672"}],"version-history":[{"count":1,"href":"https:\/\/pedrojoseortegalopez.com\/index.php\/wp-json\/wp\/v2\/pages\/672\/revisions"}],"predecessor-version":[{"id":677,"href":"https:\/\/pedrojoseortegalopez.com\/index.php\/wp-json\/wp\/v2\/pages\/672\/revisions\/677"}],"wp:attachment":[{"href":"https:\/\/pedrojoseortegalopez.com\/index.php\/wp-json\/wp\/v2\/media?parent=672"}],"curies":[{"name":"wp","href":"https:\/\/api.w.org\/{rel}","templated":true}]}}