{"id":688,"date":"2023-12-30T09:16:54","date_gmt":"2023-12-30T09:16:54","guid":{"rendered":"https:\/\/pedrojoseortegalopez.com\/?page_id=688"},"modified":"2023-12-30T09:16:54","modified_gmt":"2023-12-30T09:16:54","slug":"yondu","status":"publish","type":"page","link":"https:\/\/pedrojoseortegalopez.com\/index.php\/yondu\/","title":{"rendered":"YONDU"},"content":{"rendered":"\n<p>\u00a1Embarca en un viaje por las estrellas con esta figura pintada en resina de Yondu, el intr\u00e9pido y carism\u00e1tico l\u00edder de los Ravagers en Guardianes de la Galaxia! Esta representaci\u00f3n detallada captura la esencia audaz y la presencia magn\u00e9tica de este inolvidable personaje. Cada rasgo refleja su distintivo aspecto, su mirada penetrante y su postura segura. Descubre c\u00f3mo esta figura pintada en resina captura la esencia misma de la astucia, la lealtad y el car\u00e1cter singular de Yondu, convirti\u00e9ndola en una pieza imprescindible para los seguidores de Guardianes de la Galaxia. Sum\u00e9rgete en la aventura c\u00f3smica con esta representaci\u00f3n cautivadora de uno de los personajes m\u00e1s queridos y memorables del universo Marvel.<\/p>\n\n\n\n<div style=\"height:100px\" aria-hidden=\"true\" class=\"wp-block-spacer\"><\/div>\n\n\n\n<figure class=\"wp-block-gallery has-nested-images columns-default is-cropped wp-block-gallery-1 is-layout-flex wp-block-gallery-is-layout-flex\">\n<figure data-wp-context=\"{&quot;imageId&quot;:&quot;69dbcfcf28b2d&quot;}\" data-wp-interactive=\"core\/image\" data-wp-key=\"69dbcfcf28b2d\" class=\"wp-block-image size-large wp-lightbox-container\"><img loading=\"lazy\" decoding=\"async\" width=\"683\" height=\"1024\" data-wp-class--hide=\"state.isContentHidden\" data-wp-class--show=\"state.isContentVisible\" data-wp-init=\"callbacks.setButtonStyles\" data-wp-on--click=\"actions.showLightbox\" data-wp-on--load=\"callbacks.setButtonStyles\" data-wp-on-window--resize=\"callbacks.setButtonStyles\" data-id=\"687\" src=\"https:\/\/pedrojoseortegalopez.com\/wp-content\/uploads\/2023\/12\/YONDU-ASH_09-683x1024.jpg\" alt=\"\" class=\"wp-image-687\" srcset=\"https:\/\/pedrojoseortegalopez.com\/wp-content\/uploads\/2023\/12\/YONDU-ASH_09-683x1024.jpg 683w, https:\/\/pedrojoseortegalopez.com\/wp-content\/uploads\/2023\/12\/YONDU-ASH_09-200x300.jpg 200w, https:\/\/pedrojoseortegalopez.com\/wp-content\/uploads\/2023\/12\/YONDU-ASH_09-768x1152.jpg 768w, https:\/\/pedrojoseortegalopez.com\/wp-content\/uploads\/2023\/12\/YONDU-ASH_09-1024x1536.jpg 1024w, https:\/\/pedrojoseortegalopez.com\/wp-content\/uploads\/2023\/12\/YONDU-ASH_09.jpg 1280w\" sizes=\"auto, (max-width: 683px) 100vw, 683px\" \/><button\n\t\t\tclass=\"lightbox-trigger\"\n\t\t\ttype=\"button\"\n\t\t\taria-haspopup=\"dialog\"\n\t\t\taria-label=\"Enlarge\"\n\t\t\tdata-wp-init=\"callbacks.initTriggerButton\"\n\t\t\tdata-wp-on--click=\"actions.showLightbox\"\n\t\t\tdata-wp-style--right=\"state.imageButtonRight\"\n\t\t\tdata-wp-style--top=\"state.imageButtonTop\"\n\t\t>\n\t\t\t<svg xmlns=\"http:\/\/www.w3.org\/2000\/svg\" width=\"12\" height=\"12\" fill=\"none\" viewBox=\"0 0 12 12\">\n\t\t\t\t<path fill=\"#fff\" d=\"M2 0a2 2 0 0 0-2 2v2h1.5V2a.5.5 0 0 1 .5-.5h2V0H2Zm2 10.5H2a.5.5 0 0 1-.5-.5V8H0v2a2 2 0 0 0 2 2h2v-1.5ZM8 12v-1.5h2a.5.5 0 0 0 .5-.5V8H12v2a2 2 0 0 1-2 2H8Zm2-12a2 2 0 0 1 2 2v2h-1.5V2a.5.5 0 0 0-.5-.5H8V0h2Z\" \/>\n\t\t\t<\/svg>\n\t\t<\/button><\/figure>\n\n\n\n<figure data-wp-context=\"{&quot;imageId&quot;:&quot;69dbcfcf28f22&quot;}\" data-wp-interactive=\"core\/image\" data-wp-key=\"69dbcfcf28f22\" class=\"wp-block-image size-large wp-lightbox-container\"><img loading=\"lazy\" decoding=\"async\" width=\"683\" height=\"1024\" data-wp-class--hide=\"state.isContentHidden\" data-wp-class--show=\"state.isContentVisible\" data-wp-init=\"callbacks.setButtonStyles\" data-wp-on--click=\"actions.showLightbox\" data-wp-on--load=\"callbacks.setButtonStyles\" data-wp-on-window--resize=\"callbacks.setButtonStyles\" data-id=\"686\" src=\"https:\/\/pedrojoseortegalopez.com\/wp-content\/uploads\/2023\/12\/YONDU-ASH_08-683x1024.jpg\" alt=\"\" class=\"wp-image-686\" srcset=\"https:\/\/pedrojoseortegalopez.com\/wp-content\/uploads\/2023\/12\/YONDU-ASH_08-683x1024.jpg 683w, https:\/\/pedrojoseortegalopez.com\/wp-content\/uploads\/2023\/12\/YONDU-ASH_08-200x300.jpg 200w, https:\/\/pedrojoseortegalopez.com\/wp-content\/uploads\/2023\/12\/YONDU-ASH_08-768x1152.jpg 768w, https:\/\/pedrojoseortegalopez.com\/wp-content\/uploads\/2023\/12\/YONDU-ASH_08-1024x1536.jpg 1024w, https:\/\/pedrojoseortegalopez.com\/wp-content\/uploads\/2023\/12\/YONDU-ASH_08.jpg 1280w\" sizes=\"auto, (max-width: 683px) 100vw, 683px\" \/><button\n\t\t\tclass=\"lightbox-trigger\"\n\t\t\ttype=\"button\"\n\t\t\taria-haspopup=\"dialog\"\n\t\t\taria-label=\"Enlarge\"\n\t\t\tdata-wp-init=\"callbacks.initTriggerButton\"\n\t\t\tdata-wp-on--click=\"actions.showLightbox\"\n\t\t\tdata-wp-style--right=\"state.imageButtonRight\"\n\t\t\tdata-wp-style--top=\"state.imageButtonTop\"\n\t\t>\n\t\t\t<svg xmlns=\"http:\/\/www.w3.org\/2000\/svg\" width=\"12\" height=\"12\" fill=\"none\" viewBox=\"0 0 12 12\">\n\t\t\t\t<path fill=\"#fff\" d=\"M2 0a2 2 0 0 0-2 2v2h1.5V2a.5.5 0 0 1 .5-.5h2V0H2Zm2 10.5H2a.5.5 0 0 1-.5-.5V8H0v2a2 2 0 0 0 2 2h2v-1.5ZM8 12v-1.5h2a.5.5 0 0 0 .5-.5V8H12v2a2 2 0 0 1-2 2H8Zm2-12a2 2 0 0 1 2 2v2h-1.5V2a.5.5 0 0 0-.5-.5H8V0h2Z\" \/>\n\t\t\t<\/svg>\n\t\t<\/button><\/figure>\n\n\n\n<figure data-wp-context=\"{&quot;imageId&quot;:&quot;69dbcfcf292a0&quot;}\" data-wp-interactive=\"core\/image\" data-wp-key=\"69dbcfcf292a0\" class=\"wp-block-image size-large wp-lightbox-container\"><img loading=\"lazy\" decoding=\"async\" width=\"683\" height=\"1024\" data-wp-class--hide=\"state.isContentHidden\" data-wp-class--show=\"state.isContentVisible\" data-wp-init=\"callbacks.setButtonStyles\" data-wp-on--click=\"actions.showLightbox\" data-wp-on--load=\"callbacks.setButtonStyles\" data-wp-on-window--resize=\"callbacks.setButtonStyles\" data-id=\"685\" src=\"https:\/\/pedrojoseortegalopez.com\/wp-content\/uploads\/2023\/12\/YONDU-ASH_07-683x1024.jpg\" alt=\"\" class=\"wp-image-685\" srcset=\"https:\/\/pedrojoseortegalopez.com\/wp-content\/uploads\/2023\/12\/YONDU-ASH_07-683x1024.jpg 683w, https:\/\/pedrojoseortegalopez.com\/wp-content\/uploads\/2023\/12\/YONDU-ASH_07-200x300.jpg 200w, https:\/\/pedrojoseortegalopez.com\/wp-content\/uploads\/2023\/12\/YONDU-ASH_07-768x1152.jpg 768w, https:\/\/pedrojoseortegalopez.com\/wp-content\/uploads\/2023\/12\/YONDU-ASH_07-1024x1536.jpg 1024w, https:\/\/pedrojoseortegalopez.com\/wp-content\/uploads\/2023\/12\/YONDU-ASH_07.jpg 1280w\" sizes=\"auto, (max-width: 683px) 100vw, 683px\" \/><button\n\t\t\tclass=\"lightbox-trigger\"\n\t\t\ttype=\"button\"\n\t\t\taria-haspopup=\"dialog\"\n\t\t\taria-label=\"Enlarge\"\n\t\t\tdata-wp-init=\"callbacks.initTriggerButton\"\n\t\t\tdata-wp-on--click=\"actions.showLightbox\"\n\t\t\tdata-wp-style--right=\"state.imageButtonRight\"\n\t\t\tdata-wp-style--top=\"state.imageButtonTop\"\n\t\t>\n\t\t\t<svg xmlns=\"http:\/\/www.w3.org\/2000\/svg\" width=\"12\" height=\"12\" fill=\"none\" viewBox=\"0 0 12 12\">\n\t\t\t\t<path fill=\"#fff\" d=\"M2 0a2 2 0 0 0-2 2v2h1.5V2a.5.5 0 0 1 .5-.5h2V0H2Zm2 10.5H2a.5.5 0 0 1-.5-.5V8H0v2a2 2 0 0 0 2 2h2v-1.5ZM8 12v-1.5h2a.5.5 0 0 0 .5-.5V8H12v2a2 2 0 0 1-2 2H8Zm2-12a2 2 0 0 1 2 2v2h-1.5V2a.5.5 0 0 0-.5-.5H8V0h2Z\" \/>\n\t\t\t<\/svg>\n\t\t<\/button><\/figure>\n\n\n\n<figure data-wp-context=\"{&quot;imageId&quot;:&quot;69dbcfcf29609&quot;}\" data-wp-interactive=\"core\/image\" data-wp-key=\"69dbcfcf29609\" class=\"wp-block-image size-large wp-lightbox-container\"><img loading=\"lazy\" decoding=\"async\" width=\"683\" height=\"1024\" data-wp-class--hide=\"state.isContentHidden\" data-wp-class--show=\"state.isContentVisible\" data-wp-init=\"callbacks.setButtonStyles\" data-wp-on--click=\"actions.showLightbox\" data-wp-on--load=\"callbacks.setButtonStyles\" data-wp-on-window--resize=\"callbacks.setButtonStyles\" data-id=\"684\" src=\"https:\/\/pedrojoseortegalopez.com\/wp-content\/uploads\/2023\/12\/YONDU-ASH_06-683x1024.jpg\" alt=\"\" class=\"wp-image-684\" srcset=\"https:\/\/pedrojoseortegalopez.com\/wp-content\/uploads\/2023\/12\/YONDU-ASH_06-683x1024.jpg 683w, https:\/\/pedrojoseortegalopez.com\/wp-content\/uploads\/2023\/12\/YONDU-ASH_06-200x300.jpg 200w, https:\/\/pedrojoseortegalopez.com\/wp-content\/uploads\/2023\/12\/YONDU-ASH_06-768x1152.jpg 768w, https:\/\/pedrojoseortegalopez.com\/wp-content\/uploads\/2023\/12\/YONDU-ASH_06-1024x1536.jpg 1024w, https:\/\/pedrojoseortegalopez.com\/wp-content\/uploads\/2023\/12\/YONDU-ASH_06.jpg 1280w\" sizes=\"auto, (max-width: 683px) 100vw, 683px\" \/><button\n\t\t\tclass=\"lightbox-trigger\"\n\t\t\ttype=\"button\"\n\t\t\taria-haspopup=\"dialog\"\n\t\t\taria-label=\"Enlarge\"\n\t\t\tdata-wp-init=\"callbacks.initTriggerButton\"\n\t\t\tdata-wp-on--click=\"actions.showLightbox\"\n\t\t\tdata-wp-style--right=\"state.imageButtonRight\"\n\t\t\tdata-wp-style--top=\"state.imageButtonTop\"\n\t\t>\n\t\t\t<svg xmlns=\"http:\/\/www.w3.org\/2000\/svg\" width=\"12\" height=\"12\" fill=\"none\" viewBox=\"0 0 12 12\">\n\t\t\t\t<path fill=\"#fff\" d=\"M2 0a2 2 0 0 0-2 2v2h1.5V2a.5.5 0 0 1 .5-.5h2V0H2Zm2 10.5H2a.5.5 0 0 1-.5-.5V8H0v2a2 2 0 0 0 2 2h2v-1.5ZM8 12v-1.5h2a.5.5 0 0 0 .5-.5V8H12v2a2 2 0 0 1-2 2H8Zm2-12a2 2 0 0 1 2 2v2h-1.5V2a.5.5 0 0 0-.5-.5H8V0h2Z\" \/>\n\t\t\t<\/svg>\n\t\t<\/button><\/figure>\n\n\n\n<figure data-wp-context=\"{&quot;imageId&quot;:&quot;69dbcfcf29954&quot;}\" data-wp-interactive=\"core\/image\" data-wp-key=\"69dbcfcf29954\" class=\"wp-block-image size-large wp-lightbox-container\"><img loading=\"lazy\" decoding=\"async\" width=\"683\" height=\"1024\" data-wp-class--hide=\"state.isContentHidden\" data-wp-class--show=\"state.isContentVisible\" data-wp-init=\"callbacks.setButtonStyles\" data-wp-on--click=\"actions.showLightbox\" data-wp-on--load=\"callbacks.setButtonStyles\" data-wp-on-window--resize=\"callbacks.setButtonStyles\" data-id=\"683\" src=\"https:\/\/pedrojoseortegalopez.com\/wp-content\/uploads\/2023\/12\/YONDU-ASH_05-683x1024.jpg\" alt=\"\" class=\"wp-image-683\" srcset=\"https:\/\/pedrojoseortegalopez.com\/wp-content\/uploads\/2023\/12\/YONDU-ASH_05-683x1024.jpg 683w, https:\/\/pedrojoseortegalopez.com\/wp-content\/uploads\/2023\/12\/YONDU-ASH_05-200x300.jpg 200w, https:\/\/pedrojoseortegalopez.com\/wp-content\/uploads\/2023\/12\/YONDU-ASH_05-768x1152.jpg 768w, https:\/\/pedrojoseortegalopez.com\/wp-content\/uploads\/2023\/12\/YONDU-ASH_05-1024x1536.jpg 1024w, https:\/\/pedrojoseortegalopez.com\/wp-content\/uploads\/2023\/12\/YONDU-ASH_05.jpg 1280w\" sizes=\"auto, (max-width: 683px) 100vw, 683px\" \/><button\n\t\t\tclass=\"lightbox-trigger\"\n\t\t\ttype=\"button\"\n\t\t\taria-haspopup=\"dialog\"\n\t\t\taria-label=\"Enlarge\"\n\t\t\tdata-wp-init=\"callbacks.initTriggerButton\"\n\t\t\tdata-wp-on--click=\"actions.showLightbox\"\n\t\t\tdata-wp-style--right=\"state.imageButtonRight\"\n\t\t\tdata-wp-style--top=\"state.imageButtonTop\"\n\t\t>\n\t\t\t<svg xmlns=\"http:\/\/www.w3.org\/2000\/svg\" width=\"12\" height=\"12\" fill=\"none\" viewBox=\"0 0 12 12\">\n\t\t\t\t<path fill=\"#fff\" d=\"M2 0a2 2 0 0 0-2 2v2h1.5V2a.5.5 0 0 1 .5-.5h2V0H2Zm2 10.5H2a.5.5 0 0 1-.5-.5V8H0v2a2 2 0 0 0 2 2h2v-1.5ZM8 12v-1.5h2a.5.5 0 0 0 .5-.5V8H12v2a2 2 0 0 1-2 2H8Zm2-12a2 2 0 0 1 2 2v2h-1.5V2a.5.5 0 0 0-.5-.5H8V0h2Z\" \/>\n\t\t\t<\/svg>\n\t\t<\/button><\/figure>\n\n\n\n<figure data-wp-context=\"{&quot;imageId&quot;:&quot;69dbcfcf29c94&quot;}\" data-wp-interactive=\"core\/image\" data-wp-key=\"69dbcfcf29c94\" class=\"wp-block-image size-large wp-lightbox-container\"><img loading=\"lazy\" decoding=\"async\" width=\"683\" height=\"1024\" data-wp-class--hide=\"state.isContentHidden\" data-wp-class--show=\"state.isContentVisible\" data-wp-init=\"callbacks.setButtonStyles\" data-wp-on--click=\"actions.showLightbox\" data-wp-on--load=\"callbacks.setButtonStyles\" data-wp-on-window--resize=\"callbacks.setButtonStyles\" data-id=\"682\" src=\"https:\/\/pedrojoseortegalopez.com\/wp-content\/uploads\/2023\/12\/YONDU-ASH_04-683x1024.jpg\" alt=\"\" class=\"wp-image-682\" srcset=\"https:\/\/pedrojoseortegalopez.com\/wp-content\/uploads\/2023\/12\/YONDU-ASH_04-683x1024.jpg 683w, https:\/\/pedrojoseortegalopez.com\/wp-content\/uploads\/2023\/12\/YONDU-ASH_04-200x300.jpg 200w, https:\/\/pedrojoseortegalopez.com\/wp-content\/uploads\/2023\/12\/YONDU-ASH_04-768x1152.jpg 768w, https:\/\/pedrojoseortegalopez.com\/wp-content\/uploads\/2023\/12\/YONDU-ASH_04-1024x1536.jpg 1024w, https:\/\/pedrojoseortegalopez.com\/wp-content\/uploads\/2023\/12\/YONDU-ASH_04.jpg 1280w\" sizes=\"auto, (max-width: 683px) 100vw, 683px\" \/><button\n\t\t\tclass=\"lightbox-trigger\"\n\t\t\ttype=\"button\"\n\t\t\taria-haspopup=\"dialog\"\n\t\t\taria-label=\"Enlarge\"\n\t\t\tdata-wp-init=\"callbacks.initTriggerButton\"\n\t\t\tdata-wp-on--click=\"actions.showLightbox\"\n\t\t\tdata-wp-style--right=\"state.imageButtonRight\"\n\t\t\tdata-wp-style--top=\"state.imageButtonTop\"\n\t\t>\n\t\t\t<svg xmlns=\"http:\/\/www.w3.org\/2000\/svg\" width=\"12\" height=\"12\" fill=\"none\" viewBox=\"0 0 12 12\">\n\t\t\t\t<path fill=\"#fff\" d=\"M2 0a2 2 0 0 0-2 2v2h1.5V2a.5.5 0 0 1 .5-.5h2V0H2Zm2 10.5H2a.5.5 0 0 1-.5-.5V8H0v2a2 2 0 0 0 2 2h2v-1.5ZM8 12v-1.5h2a.5.5 0 0 0 .5-.5V8H12v2a2 2 0 0 1-2 2H8Zm2-12a2 2 0 0 1 2 2v2h-1.5V2a.5.5 0 0 0-.5-.5H8V0h2Z\" \/>\n\t\t\t<\/svg>\n\t\t<\/button><\/figure>\n\n\n\n<figure data-wp-context=\"{&quot;imageId&quot;:&quot;69dbcfcf29fc8&quot;}\" data-wp-interactive=\"core\/image\" data-wp-key=\"69dbcfcf29fc8\" class=\"wp-block-image size-large wp-lightbox-container\"><img loading=\"lazy\" decoding=\"async\" width=\"683\" height=\"1024\" data-wp-class--hide=\"state.isContentHidden\" data-wp-class--show=\"state.isContentVisible\" data-wp-init=\"callbacks.setButtonStyles\" data-wp-on--click=\"actions.showLightbox\" data-wp-on--load=\"callbacks.setButtonStyles\" data-wp-on-window--resize=\"callbacks.setButtonStyles\" data-id=\"681\" src=\"https:\/\/pedrojoseortegalopez.com\/wp-content\/uploads\/2023\/12\/YONDU-ASH_03-683x1024.jpg\" alt=\"\" class=\"wp-image-681\" srcset=\"https:\/\/pedrojoseortegalopez.com\/wp-content\/uploads\/2023\/12\/YONDU-ASH_03-683x1024.jpg 683w, https:\/\/pedrojoseortegalopez.com\/wp-content\/uploads\/2023\/12\/YONDU-ASH_03-200x300.jpg 200w, https:\/\/pedrojoseortegalopez.com\/wp-content\/uploads\/2023\/12\/YONDU-ASH_03-768x1152.jpg 768w, https:\/\/pedrojoseortegalopez.com\/wp-content\/uploads\/2023\/12\/YONDU-ASH_03-1024x1536.jpg 1024w, https:\/\/pedrojoseortegalopez.com\/wp-content\/uploads\/2023\/12\/YONDU-ASH_03.jpg 1280w\" sizes=\"auto, (max-width: 683px) 100vw, 683px\" \/><button\n\t\t\tclass=\"lightbox-trigger\"\n\t\t\ttype=\"button\"\n\t\t\taria-haspopup=\"dialog\"\n\t\t\taria-label=\"Enlarge\"\n\t\t\tdata-wp-init=\"callbacks.initTriggerButton\"\n\t\t\tdata-wp-on--click=\"actions.showLightbox\"\n\t\t\tdata-wp-style--right=\"state.imageButtonRight\"\n\t\t\tdata-wp-style--top=\"state.imageButtonTop\"\n\t\t>\n\t\t\t<svg xmlns=\"http:\/\/www.w3.org\/2000\/svg\" width=\"12\" height=\"12\" fill=\"none\" viewBox=\"0 0 12 12\">\n\t\t\t\t<path fill=\"#fff\" d=\"M2 0a2 2 0 0 0-2 2v2h1.5V2a.5.5 0 0 1 .5-.5h2V0H2Zm2 10.5H2a.5.5 0 0 1-.5-.5V8H0v2a2 2 0 0 0 2 2h2v-1.5ZM8 12v-1.5h2a.5.5 0 0 0 .5-.5V8H12v2a2 2 0 0 1-2 2H8Zm2-12a2 2 0 0 1 2 2v2h-1.5V2a.5.5 0 0 0-.5-.5H8V0h2Z\" \/>\n\t\t\t<\/svg>\n\t\t<\/button><\/figure>\n\n\n\n<figure data-wp-context=\"{&quot;imageId&quot;:&quot;69dbcfcf2a30f&quot;}\" data-wp-interactive=\"core\/image\" data-wp-key=\"69dbcfcf2a30f\" class=\"wp-block-image size-large wp-lightbox-container\"><img loading=\"lazy\" decoding=\"async\" width=\"683\" height=\"1024\" data-wp-class--hide=\"state.isContentHidden\" data-wp-class--show=\"state.isContentVisible\" data-wp-init=\"callbacks.setButtonStyles\" data-wp-on--click=\"actions.showLightbox\" data-wp-on--load=\"callbacks.setButtonStyles\" data-wp-on-window--resize=\"callbacks.setButtonStyles\" data-id=\"680\" src=\"https:\/\/pedrojoseortegalopez.com\/wp-content\/uploads\/2023\/12\/YONDU-ASH_02-683x1024.jpg\" alt=\"\" class=\"wp-image-680\" srcset=\"https:\/\/pedrojoseortegalopez.com\/wp-content\/uploads\/2023\/12\/YONDU-ASH_02-683x1024.jpg 683w, https:\/\/pedrojoseortegalopez.com\/wp-content\/uploads\/2023\/12\/YONDU-ASH_02-200x300.jpg 200w, https:\/\/pedrojoseortegalopez.com\/wp-content\/uploads\/2023\/12\/YONDU-ASH_02-768x1152.jpg 768w, https:\/\/pedrojoseortegalopez.com\/wp-content\/uploads\/2023\/12\/YONDU-ASH_02-1024x1536.jpg 1024w, https:\/\/pedrojoseortegalopez.com\/wp-content\/uploads\/2023\/12\/YONDU-ASH_02.jpg 1280w\" sizes=\"auto, (max-width: 683px) 100vw, 683px\" \/><button\n\t\t\tclass=\"lightbox-trigger\"\n\t\t\ttype=\"button\"\n\t\t\taria-haspopup=\"dialog\"\n\t\t\taria-label=\"Enlarge\"\n\t\t\tdata-wp-init=\"callbacks.initTriggerButton\"\n\t\t\tdata-wp-on--click=\"actions.showLightbox\"\n\t\t\tdata-wp-style--right=\"state.imageButtonRight\"\n\t\t\tdata-wp-style--top=\"state.imageButtonTop\"\n\t\t>\n\t\t\t<svg xmlns=\"http:\/\/www.w3.org\/2000\/svg\" width=\"12\" height=\"12\" fill=\"none\" viewBox=\"0 0 12 12\">\n\t\t\t\t<path fill=\"#fff\" d=\"M2 0a2 2 0 0 0-2 2v2h1.5V2a.5.5 0 0 1 .5-.5h2V0H2Zm2 10.5H2a.5.5 0 0 1-.5-.5V8H0v2a2 2 0 0 0 2 2h2v-1.5ZM8 12v-1.5h2a.5.5 0 0 0 .5-.5V8H12v2a2 2 0 0 1-2 2H8Zm2-12a2 2 0 0 1 2 2v2h-1.5V2a.5.5 0 0 0-.5-.5H8V0h2Z\" \/>\n\t\t\t<\/svg>\n\t\t<\/button><\/figure>\n\n\n\n<figure data-wp-context=\"{&quot;imageId&quot;:&quot;69dbcfcf2a63f&quot;}\" data-wp-interactive=\"core\/image\" data-wp-key=\"69dbcfcf2a63f\" class=\"wp-block-image size-large wp-lightbox-container\"><img loading=\"lazy\" decoding=\"async\" width=\"683\" height=\"1024\" data-wp-class--hide=\"state.isContentHidden\" data-wp-class--show=\"state.isContentVisible\" data-wp-init=\"callbacks.setButtonStyles\" data-wp-on--click=\"actions.showLightbox\" data-wp-on--load=\"callbacks.setButtonStyles\" data-wp-on-window--resize=\"callbacks.setButtonStyles\" data-id=\"679\" src=\"https:\/\/pedrojoseortegalopez.com\/wp-content\/uploads\/2023\/12\/YONDU-ASH_01-683x1024.jpg\" alt=\"\" class=\"wp-image-679\" srcset=\"https:\/\/pedrojoseortegalopez.com\/wp-content\/uploads\/2023\/12\/YONDU-ASH_01-683x1024.jpg 683w, https:\/\/pedrojoseortegalopez.com\/wp-content\/uploads\/2023\/12\/YONDU-ASH_01-200x300.jpg 200w, https:\/\/pedrojoseortegalopez.com\/wp-content\/uploads\/2023\/12\/YONDU-ASH_01-768x1152.jpg 768w, https:\/\/pedrojoseortegalopez.com\/wp-content\/uploads\/2023\/12\/YONDU-ASH_01-1024x1536.jpg 1024w, https:\/\/pedrojoseortegalopez.com\/wp-content\/uploads\/2023\/12\/YONDU-ASH_01.jpg 1280w\" sizes=\"auto, (max-width: 683px) 100vw, 683px\" \/><button\n\t\t\tclass=\"lightbox-trigger\"\n\t\t\ttype=\"button\"\n\t\t\taria-haspopup=\"dialog\"\n\t\t\taria-label=\"Enlarge\"\n\t\t\tdata-wp-init=\"callbacks.initTriggerButton\"\n\t\t\tdata-wp-on--click=\"actions.showLightbox\"\n\t\t\tdata-wp-style--right=\"state.imageButtonRight\"\n\t\t\tdata-wp-style--top=\"state.imageButtonTop\"\n\t\t>\n\t\t\t<svg xmlns=\"http:\/\/www.w3.org\/2000\/svg\" width=\"12\" height=\"12\" fill=\"none\" viewBox=\"0 0 12 12\">\n\t\t\t\t<path fill=\"#fff\" d=\"M2 0a2 2 0 0 0-2 2v2h1.5V2a.5.5 0 0 1 .5-.5h2V0H2Zm2 10.5H2a.5.5 0 0 1-.5-.5V8H0v2a2 2 0 0 0 2 2h2v-1.5ZM8 12v-1.5h2a.5.5 0 0 0 .5-.5V8H12v2a2 2 0 0 1-2 2H8Zm2-12a2 2 0 0 1 2 2v2h-1.5V2a.5.5 0 0 0-.5-.5H8V0h2Z\" \/>\n\t\t\t<\/svg>\n\t\t<\/button><\/figure>\n<\/figure>\n\n\n\n<div style=\"height:100px\" aria-hidden=\"true\" class=\"wp-block-spacer\"><\/div>\n","protected":false},"excerpt":{"rendered":"<p>\u00a1Embarca en un viaje por las estrellas con esta figura pintada en resina de Yondu, el intr\u00e9pido y carism\u00e1tico l\u00edder de los Ravagers en Guardianes de la Galaxia! Esta representaci\u00f3n detallada captura la esencia audaz y la presencia magn\u00e9tica de este inolvidable personaje. Cada rasgo refleja su distintivo aspecto, su mirada penetrante y su postura &hellip; <\/p>\n<p class=\"link-more\"><a href=\"https:\/\/pedrojoseortegalopez.com\/index.php\/yondu\/\" class=\"more-link\">Read more<span class=\"screen-reader-text\"> &#8220;YONDU&#8221;<\/span><\/a><\/p>\n","protected":false},"author":1,"featured_media":0,"parent":0,"menu_order":0,"comment_status":"closed","ping_status":"closed","template":"","meta":{"footnotes":""},"class_list":["post-688","page","type-page","status-publish","hentry"],"_links":{"self":[{"href":"https:\/\/pedrojoseortegalopez.com\/index.php\/wp-json\/wp\/v2\/pages\/688","targetHints":{"allow":["GET"]}}],"collection":[{"href":"https:\/\/pedrojoseortegalopez.com\/index.php\/wp-json\/wp\/v2\/pages"}],"about":[{"href":"https:\/\/pedrojoseortegalopez.com\/index.php\/wp-json\/wp\/v2\/types\/page"}],"author":[{"embeddable":true,"href":"https:\/\/pedrojoseortegalopez.com\/index.php\/wp-json\/wp\/v2\/users\/1"}],"replies":[{"embeddable":true,"href":"https:\/\/pedrojoseortegalopez.com\/index.php\/wp-json\/wp\/v2\/comments?post=688"}],"version-history":[{"count":1,"href":"https:\/\/pedrojoseortegalopez.com\/index.php\/wp-json\/wp\/v2\/pages\/688\/revisions"}],"predecessor-version":[{"id":689,"href":"https:\/\/pedrojoseortegalopez.com\/index.php\/wp-json\/wp\/v2\/pages\/688\/revisions\/689"}],"wp:attachment":[{"href":"https:\/\/pedrojoseortegalopez.com\/index.php\/wp-json\/wp\/v2\/media?parent=688"}],"curies":[{"name":"wp","href":"https:\/\/api.w.org\/{rel}","templated":true}]}}